{"id":679,"date":"2022-01-12T09:31:00","date_gmt":"2022-01-12T09:31:00","guid":{"rendered":"https:\/\/dennis.rkinformatika.net\/goizale\/?page_id=679"},"modified":"2025-11-29T19:09:34","modified_gmt":"2025-11-29T19:09:34","slug":"federados","status":"publish","type":"page","link":"https:\/\/goizale.com\/eu\/federados\/","title":{"rendered":"Federatuak"},"content":{"rendered":"<div data-elementor-type=\"wp-page\" data-elementor-id=\"679\" class=\"elementor elementor-679\" data-elementor-settings=\"{&quot;ha_cmc_init_switcher&quot;:&quot;no&quot;}\" data-elementor-post-type=\"page\">\n\t\t\t\t\t\t<section class=\"elementor-section elementor-top-section elementor-element elementor-element-66fc28d2 elementor-section-boxed elementor-section-height-default elementor-section-height-default\" data-id=\"66fc28d2\" data-element_type=\"section\" data-e-type=\"section\" data-settings=\"{&quot;background_background&quot;:&quot;classic&quot;,&quot;_ha_eqh_enable&quot;:false}\">\n\t\t\t\t\t\t\t<div class=\"elementor-background-overlay\"><\/div>\n\t\t\t\t\t\t\t<div class=\"elementor-container elementor-column-gap-default\">\n\t\t\t\t\t<div class=\"elementor-column elementor-col-100 elementor-top-column elementor-element elementor-element-5f778588\" data-id=\"5f778588\" data-element_type=\"column\" data-e-type=\"column\">\n\t\t\t<div class=\"elementor-widget-wrap elementor-element-populated\">\n\t\t\t\t\t\t<div class=\"elementor-element elementor-element-6b94c760 elementor-widget elementor-widget-heading\" data-id=\"6b94c760\" data-element_type=\"widget\" data-e-type=\"widget\" data-widget_type=\"heading.default\">\n\t\t\t\t<div class=\"elementor-widget-container\">\n\t\t\t\t\t<h3 class=\"elementor-heading-title elementor-size-default\">2026ko Federatu txartelaren prezioa<\/h3>\t\t\t\t<\/div>\n\t\t\t\t<\/div>\n\t\t\t\t<div class=\"elementor-element elementor-element-44146b5 elementor-widget elementor-widget-Table\" data-id=\"44146b5\" data-element_type=\"widget\" data-e-type=\"widget\" data-widget_type=\"Table.default\">\n\t\t\t\t<div class=\"elementor-widget-container\">\n\t\t\t\t\t\t\t<table class=\"tafe-table\">\n\t\t\t<thead  class=\"tafe-table-header\">\n\t\t\t\t<tr>\n\t\t\t\t\t<th class=\"elementor-inline-editing elementor-repeater-item-ad04fa0\"   >MAILA<\/th><th class=\"elementor-inline-editing elementor-repeater-item-b22e56b\"   >ESTATUA<\/th><th class=\"elementor-inline-editing elementor-repeater-item-d2041cf\"   >PIRINEOA<\/th><th class=\"elementor-inline-editing elementor-repeater-item-d31d77f\"   >MUNDUA<\/th>\t\t\t\t<\/tr>\n\t\t\t<\/thead>\n\t\t\t\t\t\t<tbody class=\"tafe-table-body\">\n\t\t\t\t<tr>\n\t\t\t\t\t<td data-label=\"CATEGOR\u00cdAS\"   class=\"elementor-repeater-item-550e249 td-content-type-default\" >Haurrak (2012\/01\/01etik aurrera jaiotakoak)<\/td><td data-label=\"ESTADO\"   class=\"elementor-repeater-item-ffbad83 td-content-type-default\" >25,67\u20ac<\/td><td data-label=\"PIRINEOS\"   class=\"elementor-repeater-item-774c8b3 td-content-type-default\" >44,66\u20ac<\/td><td data-label=\"MUNDO\"   class=\"elementor-repeater-item-b7c6818 td-content-type-default\" >91,58\u20ac<\/td><\/tr><tr><td data-label=\"CATEGOR\u00cdAS\"   class=\"elementor-repeater-item-be3808b td-content-type-default\" >Gazteak (2008\/01\/01 - 2011\/12\/31 bitartean jaiotakoak)<\/td><td data-label=\"ESTADO\"   class=\"elementor-repeater-item-6ad7b68 td-content-type-default\" >31,99\u20ac<\/td><td data-label=\"PIRINEOS\"   class=\"elementor-repeater-item-32a431c td-content-type-default\" >50,38\u20ac<\/td><td data-label=\"MUNDO\"   class=\"elementor-repeater-item-c1ef3f3 td-content-type-default\" >97,30\u20ac<\/td><\/tr><tr><td data-label=\"CATEGOR\u00cdAS\"   class=\"elementor-repeater-item-7ebdaf2 td-content-type-default\" >Nagusiak (1961\/01\/01 - 2007\/12\/31 bitartean jaiotakoak)<\/td><td data-label=\"ESTADO\"   class=\"elementor-repeater-item-67df92f td-content-type-default\" >95,91\u20ac<\/td><td data-label=\"PIRINEOS\"   class=\"elementor-repeater-item-f4cce1d td-content-type-default\" >114,90\u20ac<\/td><td data-label=\"MUNDO\"   class=\"elementor-repeater-item-494bffb td-content-type-default\" >161,82\u20ac<\/td><\/tr><tr><td data-label=\"CATEGOR\u00cdAS\"   class=\"elementor-repeater-item-1dfa454 td-content-type-default\" >Baliatzaile Nagusia<\/td><td data-label=\"ESTADO\"   class=\"elementor-repeater-item-44f5f22 td-content-type-default\" >87,55\u20ac<\/td><td data-label=\"PIRINEOS\"   class=\"elementor-repeater-item-eac7bf6 td-content-type-default\" >106,54\u20ac<\/td><td data-label=\"MUNDO\"   class=\"elementor-repeater-item-f3a0f2b td-content-type-default\" >153,46\u20ac<\/td><\/tr><tr><td data-label=\"CATEGOR\u00cdAS\"   class=\"elementor-repeater-item-8ec7636 td-content-type-default\" >65 urtetik gorakoak (1960ko abenduaren 31 baino lehen jaiotakoak)<\/td><td data-label=\"ESTADO\"   class=\"elementor-repeater-item-317d780 td-content-type-default\" >71,56\u20ac<\/td><td data-label=\"PIRINEOS\"   class=\"elementor-repeater-item-7c49831 td-content-type-default\" >90,55\u20ac<\/td><td data-label=\"MUNDO\"   class=\"elementor-repeater-item-9e245ba td-content-type-default\" >137,47\u20ac<\/td><\/tr><tr><td data-label=\"CATEGOR\u00cdAS\"   class=\"elementor-repeater-item-c3c3c7b td-content-type-default\" >65 urtetik gorako onuraduna<\/td><td data-label=\"ESTADO\"   class=\"elementor-repeater-item-b07acb5 td-content-type-default\" >63,20\u20ac<\/td><td data-label=\"PIRINEOS\"   class=\"elementor-repeater-item-627ebc8 td-content-type-default\" >82,19\u20ac<\/td><td data-label=\"MUNDO\"   class=\"elementor-repeater-item-5dc8b91 td-content-type-default\" >129,11\u20ac<\/td>\t\t\t\t<\/tr>\n\t\t\t<\/tbody>\n\t\t<\/table>\n\t\t\n\t\t\t\t\t\t<\/div>\n\t\t\t\t<\/div>\n\t\t\t\t<div class=\"elementor-element elementor-element-ce7d2cc elementor-widget elementor-widget-Table\" data-id=\"ce7d2cc\" data-element_type=\"widget\" data-e-type=\"widget\" data-widget_type=\"Table.default\">\n\t\t\t\t<div class=\"elementor-widget-container\">\n\t\t\t\t\t\t\t<table class=\"tafe-table\">\n\t\t\t<thead  class=\"tafe-table-header\">\n\t\t\t\t<tr>\n\t\t\t\t\t<th class=\"elementor-inline-editing elementor-repeater-item-ad04fa0\"   >fedme<\/th><th class=\"elementor-inline-editing elementor-repeater-item-b22e56b\"   ><\/th>\t\t\t\t<\/tr>\n\t\t\t<\/thead>\n\t\t\t\t\t\t<tbody class=\"tafe-table-body\">\n\t\t\t\t<tr>\n\t\t\t\t\t<td data-label=\"fedme\"   class=\"elementor-repeater-item-1585dc8 td-content-type-default\" >Haurrak<\/td><td data-label=\"\"   class=\"elementor-repeater-item-e0f3007 td-content-type-default\" >2,56\u20ac<\/td><\/tr><tr><td data-label=\"fedme\"   class=\"elementor-repeater-item-3ffa939 td-content-type-default\" >Gazteak<\/td><td data-label=\"\"   class=\"elementor-repeater-item-c3c39c3 td-content-type-default\" >7,59\u20ac<\/td><\/tr><tr><td data-label=\"fedme\"   class=\"elementor-repeater-item-3c9d378 td-content-type-default\" >Nagusiak<\/td><td data-label=\"\"   class=\"elementor-repeater-item-b128d29 td-content-type-default\" >14,82\u20ac<\/td>\t\t\t\t<\/tr>\n\t\t\t<\/tbody>\n\t\t<\/table>\n\t\t\n\t\t\t\t\t\t<\/div>\n\t\t\t\t<\/div>\n\t\t\t\t<div class=\"elementor-element elementor-element-dfe3fa3 elementor-widget elementor-widget-Table\" data-id=\"dfe3fa3\" data-element_type=\"widget\" data-e-type=\"widget\" data-widget_type=\"Table.default\">\n\t\t\t\t<div class=\"elementor-widget-container\">\n\t\t\t\t\t\t\t<table class=\"tafe-table\">\n\t\t\t<thead  class=\"tafe-table-header\">\n\t\t\t\t<tr>\n\t\t\t\t\t<th class=\"elementor-inline-editing elementor-repeater-item-ad04fa0\"   >OPZIOAK<\/th><th class=\"elementor-inline-editing elementor-repeater-item-b22e56b\"   ><\/th>\t\t\t\t<\/tr>\n\t\t\t<\/thead>\n\t\t\t\t\t\t<tbody class=\"tafe-table-body\">\n\t\t\t\t<tr>\n\t\t\t\t\t<td data-label=\"opciones\"   class=\"elementor-repeater-item-1585dc8 td-content-type-default\" >Ezpedizioak<\/td><td data-label=\"\"   class=\"elementor-repeater-item-e0f3007 td-content-type-default\" >2.065,62\u20ac<\/td><\/tr><tr><td data-label=\"opciones\"   class=\"elementor-repeater-item-3ffa939 td-content-type-default\" >Eski Alpinoa<\/td><td data-label=\"\"   class=\"elementor-repeater-item-c3c39c3 td-content-type-default\" >38,44\u20ac<\/td><\/tr><tr><td data-label=\"opciones\"   class=\"elementor-repeater-item-3c9d378 td-content-type-default\" >Mendiko bizikleta<\/td><td data-label=\"\"   class=\"elementor-repeater-item-b128d29 td-content-type-default\" >21,56\u20ac<\/td><\/tr><tr><td data-label=\"opciones\"   class=\"elementor-repeater-item-b33f643 td-content-type-default\" >Snow<\/td><td data-label=\"\"   class=\"elementor-repeater-item-2be7548 td-content-type-default\" >50,99\u20ac<\/td>\t\t\t\t<\/tr>\n\t\t\t<\/tbody>\n\t\t<\/table>\n\t\t\n\t\t\t\t\t\t<\/div>\n\t\t\t\t<\/div>\n\t\t\t\t<div class=\"elementor-element elementor-element-d9930c5 elementor-widget elementor-widget-Table\" data-id=\"d9930c5\" data-element_type=\"widget\" data-e-type=\"widget\" data-widget_type=\"Table.default\">\n\t\t\t\t<div class=\"elementor-widget-container\">\n\t\t\t\t\t\t\t<table class=\"tafe-table\">\n\t\t\t<thead  class=\"tafe-table-header\">\n\t\t\t\t<tr>\n\t\t\t\t\t<th class=\"elementor-inline-editing elementor-repeater-item-ad04fa0\"   >Maila<\/th><th class=\"elementor-inline-editing elementor-repeater-item-b22e56b\"   ><\/th>\t\t\t\t<\/tr>\n\t\t\t<\/thead>\n\t\t\t\t\t\t<tbody class=\"tafe-table-body\">\n\t\t\t\t<tr>\n\t\t\t\t\t<td data-label=\"Categorias\"   class=\"elementor-repeater-item-1585dc8 td-content-type-default\" >Haurrak<\/td><td data-label=\"\"   class=\"elementor-repeater-item-e0f3007 td-content-type-default\" >Nacidos despu\u00e9s del 01\/01\/2013 (Autorizaci\u00f3n Diputaci\u00f3n Foral)<\/td><\/tr><tr><td data-label=\"Categorias\"   class=\"elementor-repeater-item-3ffa939 td-content-type-default\" >Gazteak<\/td><td data-label=\"\"   class=\"elementor-repeater-item-c3c39c3 td-content-type-default\" >Nacidos entre 01\/01\/2009 - 31\/12\/2012<\/td><\/tr><tr><td data-label=\"Categorias\"   class=\"elementor-repeater-item-3c9d378 td-content-type-default\" >Nagusiak<\/td><td data-label=\"\"   class=\"elementor-repeater-item-b128d29 td-content-type-default\" >Nacidos entre 01\/01\/1962 - 31\/12\/2008<\/td><\/tr><tr><td data-label=\"Categorias\"   class=\"elementor-repeater-item-b33f643 td-content-type-default\" >65 urtetik gorakoak<\/td><td data-label=\"\"   class=\"elementor-repeater-item-2be7548 td-content-type-default\" >Nacidos antes del 31\/12\/1961<\/td>\t\t\t\t<\/tr>\n\t\t\t<\/tbody>\n\t\t<\/table>\n\t\t\n\t\t\t\t\t\t<\/div>\n\t\t\t\t<\/div>\n\t\t\t\t<div class=\"elementor-element elementor-element-3699a5e0 elementor-widget elementor-widget-text-editor\" data-id=\"3699a5e0\" data-element_type=\"widget\" data-e-type=\"widget\" data-widget_type=\"text-editor.default\">\n\t\t\t\t<div class=\"elementor-widget-container\">\n\t\t\t\t\t\t\t\t\t<p style=\"text-align: right;\"><em>* Epez kanpoko gehiketek 3.5\u20ac balioko dute.<\/em><\/p><p>Euskal lizentzia nahikoa da estatuko pirineo eta Asturiaseko aterpetxeetako deskontuetaz gozatzeko.<\/p>\t\t\t\t\t\t\t\t<\/div>\n\t\t\t\t<\/div>\n\t\t\t\t<section class=\"elementor-section elementor-inner-section elementor-element elementor-element-40810962 elementor-section-boxed elementor-section-height-default elementor-section-height-default\" data-id=\"40810962\" data-element_type=\"section\" data-e-type=\"section\" data-settings=\"{&quot;_ha_eqh_enable&quot;:false}\">\n\t\t\t\t\t\t<div class=\"elementor-container elementor-column-gap-default\">\n\t\t\t\t\t<div class=\"elementor-column elementor-col-100 elementor-inner-column elementor-element elementor-element-46f37312\" data-id=\"46f37312\" data-element_type=\"column\" data-e-type=\"column\">\n\t\t\t<div class=\"elementor-widget-wrap elementor-element-populated\">\n\t\t\t\t\t\t<div class=\"elementor-element elementor-element-4a1a5e81 elementor-widget elementor-widget-text-editor\" data-id=\"4a1a5e81\" data-element_type=\"widget\" data-e-type=\"widget\" data-widget_type=\"text-editor.default\">\n\t\t\t\t<div class=\"elementor-widget-container\">\n\t\t\t\t\t\t\t\t\t<p><strong>OHARRA:<\/strong><br \/>*Balizatutako estazioetan iraupen-eskia egiten duten edo erremonteak erabiltzen dituzten pertsonek \"eski alpinoa\" aukera hartu behar dute.<\/p><p>PIRINEOS aukerak estaldura du Frantziako Pirinioetan, Andorran, Portugalen eta Marokon.\u00a0<\/p><p><strong>ESTALGARRIAK:<\/strong><\/p><p><strong>\u00a0\u00b7Heriotza:<\/strong><br \/>\u00a0 . Haurrak: 6.015 \u20ac<br \/>\u00a0 . Gazteak: 20.000 \u20ac<br \/>\u00a0 . Mayores: 20 000\u20ac<\/p><p><strong>\u00a0\u00b7Ezintasun erabateko eta iraunkorra:<\/strong><br \/>\u00a0 . Haurrak: 25.000 \u20ac<br \/>\u00a0 . Gazteak: 25.000 \u20ac<br \/>\u00a0 . Mayores: 25 000\u20ac<\/p><p><strong>\u00a0Osasun asistentzia<\/strong><br \/>\u00a0 . Lekualdatze eta jaioterriratze gastuak, 18.000 \u20ac<br \/>\u00a0 . 65 urtetik gorakoak:<\/p><p><strong>\u00a0\u00b7Erreskatea<\/strong><br \/>\u00a0 . Maila guztietan: Estatuan: 12.000 euro; Atzerrian; 24.000,00 \u20ac\u00a0<\/p><p><strong>Lizentzia eskatzeko, ordainketa Goizaleren kontu zenbaki honetan egin beharko da (lizentzia + bazkidetzaren 18 \u20ac). Laboral kutxa: ES50 3035 0133 18 1331013086<\/strong><\/p>\t\t\t\t\t\t\t\t<\/div>\n\t\t\t\t<\/div>\n\t\t\t\t<div class=\"elementor-element elementor-element-1bfb47b elementor-widget elementor-widget-spacer\" data-id=\"1bfb47b\" data-element_type=\"widget\" data-e-type=\"widget\" data-widget_type=\"spacer.default\">\n\t\t\t\t<div class=\"elementor-widget-container\">\n\t\t\t\t\t\t\t<div class=\"elementor-spacer\">\n\t\t\t<div class=\"elementor-spacer-inner\"><\/div>\n\t\t<\/div>\n\t\t\t\t\t\t<\/div>\n\t\t\t\t<\/div>\n\t\t\t\t\t<\/div>\n\t\t<\/div>\n\t\t\t\t\t<\/div>\n\t\t<\/section>\n\t\t\t\t<section class=\"elementor-section elementor-inner-section elementor-element elementor-element-4f6f4cd7 elementor-section-boxed elementor-section-height-default elementor-section-height-default\" data-id=\"4f6f4cd7\" data-element_type=\"section\" data-e-type=\"section\" data-settings=\"{&quot;_ha_eqh_enable&quot;:false}\">\n\t\t\t\t\t\t<div class=\"elementor-container elementor-column-gap-default\">\n\t\t\t\t\t<div class=\"elementor-column elementor-col-100 elementor-inner-column elementor-element elementor-element-5e834a60\" data-id=\"5e834a60\" data-element_type=\"column\" data-e-type=\"column\">\n\t\t\t<div class=\"elementor-widget-wrap elementor-element-populated\">\n\t\t\t\t\t\t<div class=\"elementor-element elementor-element-1c4e5b63 elementor-widget elementor-widget-heading\" data-id=\"1c4e5b63\" data-element_type=\"widget\" data-e-type=\"widget\" data-widget_type=\"heading.default\">\n\t\t\t\t<div class=\"elementor-widget-container\">\n\t\t\t\t\t<h3 class=\"elementor-heading-title elementor-size-default translation-block\">BETE FORMULARIOA<\/h3>\t\t\t\t<\/div>\n\t\t\t\t<\/div>\n\t\t\t\t\t<\/div>\n\t\t<\/div>\n\t\t\t\t\t<\/div>\n\t\t<\/section>\n\t\t\t\t<div class=\"elementor-element elementor-element-4eb3dece elementor-widget elementor-widget-heading\" data-id=\"4eb3dece\" data-element_type=\"widget\" data-e-type=\"widget\" data-widget_type=\"heading.default\">\n\t\t\t\t<div class=\"elementor-widget-container\">\n\t\t\t\t\t<h2 class=\"elementor-heading-title elementor-size-default\">FEDERATZEKO<\/h2>\t\t\t\t<\/div>\n\t\t\t\t<\/div>\n\t\t\t\t<div class=\"elementor-element elementor-element-4e222df6 elementor-widget elementor-widget-text-editor\" data-id=\"4e222df6\" data-element_type=\"widget\" data-e-type=\"widget\" data-widget_type=\"text-editor.default\">\n\t\t\t\t<div class=\"elementor-widget-container\">\n\t\t\t\t\t\t\t\t\t<p class=\"translation-block\">Federatu nahi baduzu, bete formulario hau bidal iezaguzu, urteko lizentzia kuota (aukeratu duzuna) eta bazkide kuota (18 \u20ac) kontu zenbaki honetan <br><span style=\"font-size: 15px\">(Laboral kutxa: ES50 3035 0133 18 1331013086)<\/span> sartu ondoren.<\/p>\t\t\t\t\t\t\t\t<\/div>\n\t\t\t\t<\/div>\n\t\t\t\t<section class=\"elementor-section elementor-inner-section elementor-element elementor-element-428e16b3 elementor-section-boxed elementor-section-height-default elementor-section-height-default\" data-id=\"428e16b3\" data-element_type=\"section\" data-e-type=\"section\" data-settings=\"{&quot;_ha_eqh_enable&quot;:false}\">\n\t\t\t\t\t\t<div class=\"elementor-container elementor-column-gap-default\">\n\t\t\t\t\t<div class=\"elementor-column elementor-col-100 elementor-inner-column elementor-element elementor-element-67df503\" data-id=\"67df503\" data-element_type=\"column\" data-e-type=\"column\" data-settings=\"{&quot;background_background&quot;:&quot;classic&quot;}\">\n\t\t\t<div class=\"elementor-widget-wrap elementor-element-populated\">\n\t\t\t\t\t\t<div class=\"elementor-element elementor-element-78721c3d elementor-widget elementor-widget-ha-cf7 happy-addon ha-cf7\" data-id=\"78721c3d\" data-element_type=\"widget\" data-e-type=\"widget\" data-widget_type=\"ha-cf7.default\">\n\t\t\t\t<div class=\"elementor-widget-container\">\n\t\t\t\t\t\n<div class=\"wpcf7 no-js\" id=\"wpcf7-f601-o1\" lang=\"es-ES\" dir=\"ltr\" data-wpcf7-id=\"601\">\n<div class=\"screen-reader-response\"><p role=\"status\" aria-live=\"polite\" aria-atomic=\"true\"><\/p> <ul><\/ul><\/div>\n<form action=\"\/eu\/wp-json\/wp\/v2\/pages\/679#wpcf7-f601-o1\" method=\"post\" class=\"wpcf7-form init ha-cf7-form\" aria-label=\"Formulario de contacto\" novalidate=\"novalidate\" data-status=\"init\" data-trp-original-action=\"\/eu\/wp-json\/wp\/v2\/pages\/679#wpcf7-f601-o1\">\n<fieldset class=\"hidden-fields-container\"><input type=\"hidden\" name=\"_wpcf7\" value=\"601\" \/><input type=\"hidden\" name=\"_wpcf7_version\" value=\"6.1.5\" \/><input type=\"hidden\" name=\"_wpcf7_locale\" value=\"es_ES\" \/><input type=\"hidden\" name=\"_wpcf7_unit_tag\" value=\"wpcf7-f601-o1\" \/><input type=\"hidden\" name=\"_wpcf7_container_post\" value=\"0\" \/><input type=\"hidden\" name=\"_wpcf7_posted_data_hash\" value=\"\" \/><input type=\"hidden\" name=\"_wpcf7_recaptcha_response\" value=\"\" \/>\n<\/fieldset>\n<p><span class=\"wpcf7-form-control-wrap\" data-name=\"text-250\"><input size=\"40\" maxlength=\"400\" class=\"wpcf7-form-control wpcf7-text wpcf7-validates-as-required\" aria-required=\"true\" aria-invalid=\"false\" placeholder=\"DNI\/NIE\" value=\"\" type=\"text\" name=\"text-250\" \/><\/span><br \/>\n<span class=\"wpcf7-form-control-wrap\" data-name=\"text-126\"><input size=\"40\" maxlength=\"400\" class=\"wpcf7-form-control wpcf7-text wpcf7-validates-as-required\" aria-required=\"true\" aria-invalid=\"false\" placeholder=\"IZENA\" value=\"\" type=\"text\" name=\"text-126\" \/><\/span><br \/>\n<span class=\"wpcf7-form-control-wrap\" data-name=\"text-127\"><input size=\"40\" maxlength=\"400\" class=\"wpcf7-form-control wpcf7-text wpcf7-validates-as-required\" aria-required=\"true\" aria-invalid=\"false\" placeholder=\"LEHEN ABIZENA\" value=\"\" type=\"text\" name=\"text-127\" \/><\/span><br \/>\n<span class=\"wpcf7-form-control-wrap\" data-name=\"text-128\"><input size=\"40\" maxlength=\"400\" class=\"wpcf7-form-control wpcf7-text wpcf7-validates-as-required\" aria-required=\"true\" aria-invalid=\"false\" placeholder=\"BIGARREN ABIZENA\" value=\"\" type=\"text\" name=\"text-128\" \/><\/span><br \/>\nJAIOTZE DATA<br \/>\n<span class=\"wpcf7-form-control-wrap\" data-name=\"date-860\"><input class=\"wpcf7-form-control wpcf7-date wpcf7-validates-as-required wpcf7-validates-as-date\" aria-required=\"true\" aria-invalid=\"false\" placeholder=\"JAIOTZE DATA\" value=\"\" type=\"date\" name=\"date-860\" \/><\/span><br \/>\n<span class=\"wpcf7-form-control-wrap\" data-name=\"text-129\"><input size=\"40\" maxlength=\"400\" class=\"wpcf7-form-control wpcf7-text wpcf7-validates-as-required\" aria-required=\"true\" aria-invalid=\"false\" placeholder=\"HELBIDEA\" value=\"\" type=\"text\" name=\"text-129\" \/><\/span><br \/>\n<span class=\"wpcf7-form-control-wrap\" data-name=\"text-130\"><input size=\"40\" maxlength=\"400\" class=\"wpcf7-form-control wpcf7-text wpcf7-validates-as-required\" aria-required=\"true\" aria-invalid=\"false\" placeholder=\"POSTA KODEA\" value=\"\" type=\"text\" name=\"text-130\" \/><\/span><br \/>\n<span class=\"wpcf7-form-control-wrap\" data-name=\"text-131\"><input size=\"40\" maxlength=\"400\" class=\"wpcf7-form-control wpcf7-text wpcf7-validates-as-required\" aria-required=\"true\" aria-invalid=\"false\" placeholder=\"HERRIA\" value=\"\" type=\"text\" name=\"text-131\" \/><\/span><br \/>\n<span class=\"wpcf7-form-control-wrap\" data-name=\"tel-701\"><input size=\"40\" maxlength=\"400\" class=\"wpcf7-form-control wpcf7-tel wpcf7-validates-as-required wpcf7-text wpcf7-validates-as-tel\" aria-required=\"true\" aria-invalid=\"false\" placeholder=\"TELEFONO ZENBAKIA\" value=\"\" type=\"tel\" name=\"tel-701\" \/><\/span><br \/>\n<span class=\"wpcf7-form-control-wrap\" data-name=\"email-813\"><input size=\"40\" maxlength=\"400\" class=\"wpcf7-form-control wpcf7-email wpcf7-validates-as-required wpcf7-text wpcf7-validates-as-email\" aria-required=\"true\" aria-invalid=\"false\" placeholder=\"POSTA ELEKTRONIKOA\" value=\"\" type=\"email\" name=\"email-813\" \/><\/span>\n<\/p>\n<p><span class=\"wpcf7-form-control-wrap\" data-name=\"acceptance-510\"><span class=\"wpcf7-form-control wpcf7-acceptance\"><span class=\"wpcf7-list-item\"><label><input type=\"checkbox\" name=\"acceptance-510\" value=\"1\" aria-invalid=\"false\" \/><span class=\"wpcf7-list-item-label\">Sistemaren baldintzak irakurri eta onartzen ditut<\/span><\/label><\/span><\/span><\/span>\n<\/p>\n<p><input class=\"wpcf7-form-control wpcf7-submit has-spinner\" type=\"submit\" value=\"BIDALI\" \/>\n<\/p><div class=\"wpcf7-response-output\" aria-hidden=\"true\"><\/div>\n<input type=\"hidden\" name=\"trp-form-language\" value=\"eu\"\/><\/form>\n<\/div>\n\t\t\t\t<\/div>\n\t\t\t\t<\/div>\n\t\t\t\t\t<\/div>\n\t\t<\/div>\n\t\t\t\t\t<\/div>\n\t\t<\/section>\n\t\t\t\t\t<\/div>\n\t\t<\/div>\n\t\t\t\t\t<\/div>\n\t\t<\/section>\n\t\t\t\t<\/div>","protected":false},"excerpt":{"rendered":"<p>PRECIOs DE LICENCIA DE FEDERADO A\u00d1O 2026 CATEGOR\u00cdAS ESTADO PIRINEOS MUNDO Infantil (nacidos despu\u00e9s del 01\/01\/2012) 25,67\u20ac 44,66\u20ac 91,58\u20ac Juvenil (nacidos entre el 01\/01\/2008 &#8211; 31\/12\/2011) 31,99\u20ac 50,38\u20ac 97,30\u20ac Mayor [&hellip;]<\/p>\n","protected":false},"author":1,"featured_media":0,"parent":0,"menu_order":0,"comment_status":"closed","ping_status":"closed","template":"elementor_header_footer","meta":{"_EventAllDay":false,"_EventTimezone":"","_EventStartDate":"","_EventEndDate":"","_EventStartDateUTC":"","_EventEndDateUTC":"","_EventShowMap":false,"_EventShowMapLink":false,"_EventURL":"","_EventCost":"","_EventCostDescription":"","_EventCurrencySymbol":"","_EventCurrencyCode":"","_EventCurrencyPosition":"","_EventDateTimeSeparator":"","_EventTimeRangeSeparator":"","_EventOrganizerID":[],"_EventVenueID":[],"_OrganizerEmail":"","_OrganizerPhone":"","_OrganizerWebsite":"","_VenueAddress":"","_VenueCity":"","_VenueCountry":"","_VenueProvince":"","_VenueState":"","_VenueZip":"","_VenuePhone":"","_VenueURL":"","_VenueStateProvince":"","_VenueLat":"","_VenueLng":"","_VenueShowMap":false,"_VenueShowMapLink":false,"footnotes":""},"class_list":["post-679","page","type-page","status-publish","hentry"],"_links":{"self":[{"href":"https:\/\/goizale.com\/eu\/wp-json\/wp\/v2\/pages\/679","targetHints":{"allow":["GET"]}}],"collection":[{"href":"https:\/\/goizale.com\/eu\/wp-json\/wp\/v2\/pages"}],"about":[{"href":"https:\/\/goizale.com\/eu\/wp-json\/wp\/v2\/types\/page"}],"author":[{"embeddable":true,"href":"https:\/\/goizale.com\/eu\/wp-json\/wp\/v2\/users\/1"}],"replies":[{"embeddable":true,"href":"https:\/\/goizale.com\/eu\/wp-json\/wp\/v2\/comments?post=679"}],"version-history":[{"count":188,"href":"https:\/\/goizale.com\/eu\/wp-json\/wp\/v2\/pages\/679\/revisions"}],"predecessor-version":[{"id":6505,"href":"https:\/\/goizale.com\/eu\/wp-json\/wp\/v2\/pages\/679\/revisions\/6505"}],"wp:attachment":[{"href":"https:\/\/goizale.com\/eu\/wp-json\/wp\/v2\/media?parent=679"}],"curies":[{"name":"wp","href":"https:\/\/api.w.org\/{rel}","templated":true}]}}