{"id":62,"date":"2021-11-29T09:18:51","date_gmt":"2021-11-29T09:18:51","guid":{"rendered":"https:\/\/dennis.rkinformatika.net\/goizale\/?page_id=62"},"modified":"2023-01-03T09:33:05","modified_gmt":"2023-01-03T09:33:05","slug":"calendario-de-salidas","status":"publish","type":"page","link":"https:\/\/goizale.com\/eu\/calendario-de-salidas\/","title":{"rendered":"Irteerak 2008"},"content":{"rendered":"\t\t<div data-elementor-type=\"wp-page\" data-elementor-id=\"62\" class=\"elementor elementor-62\" data-elementor-settings=\"{&quot;ha_cmc_init_switcher&quot;:&quot;no&quot;}\" data-elementor-post-type=\"page\">\n\t\t\t\t\t\t<section class=\"elementor-section elementor-top-section elementor-element elementor-element-4b91817 elementor-section-boxed elementor-section-height-default elementor-section-height-default\" data-id=\"4b91817\" data-element_type=\"section\" data-e-type=\"section\" data-settings=\"{&quot;background_background&quot;:&quot;classic&quot;,&quot;_ha_eqh_enable&quot;:false}\">\n\t\t\t\t\t\t\t<div class=\"elementor-background-overlay\"><\/div>\n\t\t\t\t\t\t\t<div class=\"elementor-container elementor-column-gap-default\">\n\t\t\t\t\t<div class=\"elementor-column elementor-col-100 elementor-top-column elementor-element elementor-element-00f9a89\" data-id=\"00f9a89\" data-element_type=\"column\" data-e-type=\"column\">\n\t\t\t<div class=\"elementor-widget-wrap elementor-element-populated\">\n\t\t\t\t\t\t<div class=\"elementor-element elementor-element-e2487ba elementor-widget elementor-widget-spacer\" data-id=\"e2487ba\" data-element_type=\"widget\" data-e-type=\"widget\" data-widget_type=\"spacer.default\">\n\t\t\t\t<div class=\"elementor-widget-container\">\n\t\t\t\t\t\t\t<div class=\"elementor-spacer\">\n\t\t\t<div class=\"elementor-spacer-inner\"><\/div>\n\t\t<\/div>\n\t\t\t\t\t\t<\/div>\n\t\t\t\t<\/div>\n\t\t\t\t<div class=\"elementor-element elementor-element-ab156c7 elementor-widget elementor-widget-heading\" data-id=\"ab156c7\" data-element_type=\"widget\" data-e-type=\"widget\" data-widget_type=\"heading.default\">\n\t\t\t\t<div class=\"elementor-widget-container\">\n\t\t\t\t\t<h1 class=\"elementor-heading-title elementor-size-default\">SALIDAS 2008 <\/h1>\t\t\t\t<\/div>\n\t\t\t\t<\/div>\n\t\t\t\t<div class=\"elementor-element elementor-element-8b29d51 elementor-widget elementor-widget-the-events-calendar-addon\" data-id=\"8b29d51\" data-element_type=\"widget\" data-e-type=\"widget\" data-widget_type=\"the-events-calendar-addon.default\">\n\t\t\t\t<div class=\"elementor-widget-container\">\n\t\t\t\t\t<!=========Events list Template 1.7.3=========><script type=\"application\/ld+json\">\r\n[{\"@context\":\"http:\/\/schema.org\",\"@type\":\"Event\",\"name\":\"Txindoki\",\"description\":\"&lt;p&gt;Lugar de salida: el s\\u00e1bado, a las 08:00 h, en Bermeo, C\/ Zubiaurtar kepa 30, en la estaci\\u00f3n de Bizkaibus. En Gernika a las 8:30 h en la estaci\\u00f3n de [&hellip;]&lt;\/p&gt;\\\\n\",\"url\":\"https:\/\/goizale.com\/eu\/event\/txindoki-4\/\",\"eventAttendanceMode\":\"https:\/\/schema.org\/OfflineEventAttendanceMode\",\"eventStatus\":\"https:\/\/schema.org\/EventScheduled\",\"startDate\":\"2026-04-18T08:00:00+00:00\",\"endDate\":\"2026-04-18T14:00:00+00:00\",\"performer\":\"Organization\"},{\"@context\":\"http:\/\/schema.org\",\"@type\":\"Event\",\"name\":\"Merindadeak\",\"description\":\"\",\"url\":\"https:\/\/goizale.com\/eu\/event\/merindadeak\/\",\"eventAttendanceMode\":\"https:\/\/schema.org\/OfflineEventAttendanceMode\",\"eventStatus\":\"https:\/\/schema.org\/EventScheduled\",\"startDate\":\"2026-05-31T00:00:00+00:00\",\"endDate\":\"2026-05-31T23:59:59+00:00\",\"performer\":\"Organization\"},{\"@context\":\"http:\/\/schema.org\",\"@type\":\"Event\",\"name\":\"Picos De Europa\\u00a0(27-28)\",\"description\":\"\",\"url\":\"https:\/\/goizale.com\/eu\/event\/picos-de-europa-27-28\/\",\"eventAttendanceMode\":\"https:\/\/schema.org\/OfflineEventAttendanceMode\",\"eventStatus\":\"https:\/\/schema.org\/EventScheduled\",\"startDate\":\"2026-06-27T00:00:00+00:00\",\"endDate\":\"2026-06-27T23:59:59+00:00\",\"performer\":\"Organization\"},{\"@context\":\"http:\/\/schema.org\",\"@type\":\"Event\",\"name\":\"Hernio\",\"description\":\"\",\"url\":\"https:\/\/goizale.com\/eu\/event\/hernio\/\",\"eventAttendanceMode\":\"https:\/\/schema.org\/OfflineEventAttendanceMode\",\"eventStatus\":\"https:\/\/schema.org\/EventScheduled\",\"startDate\":\"2026-09-27T00:00:00+00:00\",\"endDate\":\"2026-09-27T23:59:59+00:00\",\"performer\":\"Organization\"},{\"@context\":\"http:\/\/schema.org\",\"@type\":\"Event\",\"name\":\"Degurixa\\u00a0\",\"description\":\"\",\"url\":\"https:\/\/goizale.com\/eu\/event\/degurixa\/\",\"eventAttendanceMode\":\"https:\/\/schema.org\/OfflineEventAttendanceMode\",\"eventStatus\":\"https:\/\/schema.org\/EventScheduled\",\"startDate\":\"2026-10-18T00:00:00+00:00\",\"endDate\":\"2026-10-18T23:59:59+00:00\",\"performer\":\"Organization\"},{\"@context\":\"http:\/\/schema.org\",\"@type\":\"Event\",\"name\":\"Urdaibai\",\"description\":\"\",\"url\":\"https:\/\/goizale.com\/eu\/event\/azaroak-14-urdaibai\/\",\"eventAttendanceMode\":\"https:\/\/schema.org\/OfflineEventAttendanceMode\",\"eventStatus\":\"https:\/\/schema.org\/EventScheduled\",\"startDate\":\"2026-11-14T00:00:00+00:00\",\"endDate\":\"2026-11-14T23:59:59+00:00\",\"performer\":\"Organization\"},{\"@context\":\"http:\/\/schema.org\",\"@type\":\"Event\",\"name\":\"Iluntzar\",\"description\":\"\",\"url\":\"https:\/\/goizale.com\/eu\/event\/iluntzar-18\/\",\"eventAttendanceMode\":\"https:\/\/schema.org\/OfflineEventAttendanceMode\",\"eventStatus\":\"https:\/\/schema.org\/EventScheduled\",\"startDate\":\"2026-12-20T00:00:00+00:00\",\"endDate\":\"2026-12-20T23:59:59+00:00\",\"performer\":\"Organization\"}]\r\n<\/script><div id=\"ectbe-wrapper-8b29d51\" class=\"ectbe-wrapper ectbe-list-wrapper style-1\"><div id=\"event-479\" class=\"ectbe-inner-wrapper ectbe-simple-event\"><div class=\"ectbe-date-area\">\n                                <span class=\"ectbe-ev-day\">20<\/span>\n                                <span class=\"ectbe-ev-mo\">urtarrila<\/span>\n                                <span class=\"ectbe-ev-yr\">2008<\/span>\n                                <\/div><div class=\"ectbe-content-box\"><div class=\"ectbe-evt-title\"><a class=\"ectbe-evt-url\" href=\"https:\/\/goizale.com\/eu\/event\/gernika-gernika-4\/\">Gernika - Gernika<\/a><\/div><div class=\"ectbe-evt-time\"><i class=\"ectbe-icon-clock\"><\/i>All day<\/div><div class=\"ectbe-evt-description\"><\/div><\/div><div class=\"ectbe-evt-more-box\"><a class=\"ectbe-evt-read-more\" href=\"https:\/\/goizale.com\/eu\/event\/gernika-gernika-4\/\">Find out more<\/a><\/div><\/div><div id=\"event-481\" class=\"ectbe-inner-wrapper ectbe-simple-event\"><div class=\"ectbe-date-area\">\n                                <span class=\"ectbe-ev-day\">17<\/span>\n                                <span class=\"ectbe-ev-mo\">otsaila<\/span>\n                                <span class=\"ectbe-ev-yr\">2008<\/span>\n                                <\/div><div class=\"ectbe-content-box\"><div class=\"ectbe-evt-title\"><a class=\"ectbe-evt-url\" href=\"https:\/\/goizale.com\/eu\/event\/pena-izaga-nafarroa-a-pie-btt\/\">Pe\u00f1a Izaga (Nafarroa. A pie + BTT)<\/a><\/div><div class=\"ectbe-evt-time\"><i class=\"ectbe-icon-clock\"><\/i>All day<\/div><div class=\"ectbe-evt-description\"><p>D\u00eda: 17 de febrero (domingo).Salida: a las 08:00 de la ma\u00f1ana, en la parada de autobuses de Gernika-Lumo.Longitud: 5-6 horas. Precio:&nbsp;Socios: 10 euros \/ No socios: 12 euros \/ -17 [&hellip;]<\/p>\n<\/div><\/div><div class=\"ectbe-evt-more-box\"><a class=\"ectbe-evt-read-more\" href=\"https:\/\/goizale.com\/eu\/event\/pena-izaga-nafarroa-a-pie-btt\/\">Find out more<\/a><\/div><\/div><div id=\"event-483\" class=\"ectbe-inner-wrapper ectbe-simple-event\"><div class=\"ectbe-date-area\">\n                                <span class=\"ectbe-ev-day\">08<\/span>\n                                <span class=\"ectbe-ev-mo\">martxoa<\/span>\n                                <span class=\"ectbe-ev-yr\">2008<\/span>\n                                <\/div><div class=\"ectbe-content-box\"><div class=\"ectbe-evt-title\"><a class=\"ectbe-evt-url\" href=\"https:\/\/goizale.com\/eu\/event\/sidreria-astigarraga-2\/\">Sidrer\u00eda (Astigarraga)<\/a><\/div><div class=\"ectbe-evt-time\"><i class=\"ectbe-icon-clock\"><\/i>All day<\/div><div class=\"ectbe-evt-description\"><\/div><\/div><div class=\"ectbe-evt-more-box\"><a class=\"ectbe-evt-read-more\" href=\"https:\/\/goizale.com\/eu\/event\/sidreria-astigarraga-2\/\">Find out more<\/a><\/div><\/div><div id=\"event-485\" class=\"ectbe-inner-wrapper ectbe-simple-event\"><div class=\"ectbe-date-area\">\n                                <span class=\"ectbe-ev-day\">20<\/span>\n                                <span class=\"ectbe-ev-mo\">apirila<\/span>\n                                <span class=\"ectbe-ev-yr\">2008<\/span>\n                                <\/div><div class=\"ectbe-content-box\"><div class=\"ectbe-evt-title\"><a class=\"ectbe-evt-url\" href=\"https:\/\/goizale.com\/eu\/event\/travesia-en-aralar\/\">Traves\u00eda en Aralar<\/a><\/div><div class=\"ectbe-evt-time\"><i class=\"ectbe-icon-clock\"><\/i>All day<\/div><div class=\"ectbe-evt-description\"><p>D\u00eda: 20 de abril (domingo).Salida: a las 08:00 de la ma\u00f1ana, en la parada de autobuses de Gernika-Lumo.Longitud: aproximadamente 6 horas. Precio:&nbsp;Socios: 12 euros \/ No socios: 15 euros \/ [&hellip;]<\/p>\n<\/div><\/div><div class=\"ectbe-evt-more-box\"><a class=\"ectbe-evt-read-more\" href=\"https:\/\/goizale.com\/eu\/event\/travesia-en-aralar\/\">Find out more<\/a><\/div><\/div><div id=\"event-487\" class=\"ectbe-inner-wrapper ectbe-simple-event\"><div class=\"ectbe-date-area\">\n                                <span class=\"ectbe-ev-day\">01<\/span>\n                                <span class=\"ectbe-ev-mo\">maiatza<\/span>\n                                <span class=\"ectbe-ev-yr\">2008<\/span>\n                                <\/div><div class=\"ectbe-content-box\"><div class=\"ectbe-evt-title\"><a class=\"ectbe-evt-url\" href=\"https:\/\/goizale.com\/eu\/event\/travesia-gr-11-irun-orreaga\/\">Traves\u00eda GR-11 (Ir\u00fan - Orreaga)<\/a><\/div><div class=\"ectbe-evt-time\"><i class=\"ectbe-icon-clock\"><\/i>All day<\/div><div class=\"ectbe-evt-description\"><p>1 de mayo (jueves): Irun - Bera2 de mayo (viernes): Bera - Elizondo3 de mayo (s\u00e1bado): Elizondo - Urkiaga4 de mayo (domingo): Urkiaga - Orreaga Precio:&nbsp;Socios: 100 \u20ac \/ No [&hellip;]<\/p>\n<\/div><div class=\"ectbe-evt-cost\">\n\t\t\t\t\t\t\t<span class=\"ectbe-icon\"><i class=\"ectbe-icon-ticket\" aria-hidden=\"true\"><\/i><\/span>\n\t\t\t\t\t\t\t<span class=\"ectbe-rate\">\u20ac100<\/span>\n\t\t\t\t\t\t<\/div><\/div><div class=\"ectbe-evt-more-box\"><a class=\"ectbe-evt-read-more\" href=\"https:\/\/goizale.com\/eu\/event\/travesia-gr-11-irun-orreaga\/\">Find out more<\/a><\/div><\/div><div id=\"event-489\" class=\"ectbe-inner-wrapper ectbe-simple-event\"><div class=\"ectbe-date-area\">\n                                <span class=\"ectbe-ev-day\">25<\/span>\n                                <span class=\"ectbe-ev-mo\">maiatza<\/span>\n                                <span class=\"ectbe-ev-yr\">2008<\/span>\n                                <\/div><div class=\"ectbe-content-box\"><div class=\"ectbe-evt-title\"><a class=\"ectbe-evt-url\" href=\"https:\/\/goizale.com\/eu\/event\/parque-natural-de-izki-araba-a-ppie-btt\/\">Parque Natural de Izki (Araba. A ppie + BTT)<\/a><\/div><div class=\"ectbe-evt-time\"><i class=\"ectbe-icon-clock\"><\/i>All day<\/div><div class=\"ectbe-evt-description\"><p>D\u00eda: 25 de mayo (domingo).Salida: a las 08:00 de la ma\u00f1ana, en la parada de autobuses de Gernika-Lumo.Recorrido: 6 horas (se podr\u00e1 hacer la mitad del recorrido). Precio:&nbsp;Socios: 10 euros [&hellip;]<\/p>\n<\/div><\/div><div class=\"ectbe-evt-more-box\"><a class=\"ectbe-evt-read-more\" href=\"https:\/\/goizale.com\/eu\/event\/parque-natural-de-izki-araba-a-ppie-btt\/\">Find out more<\/a><\/div><\/div><div id=\"event-491\" class=\"ectbe-inner-wrapper ectbe-simple-event\"><div class=\"ectbe-date-area\">\n                                <span class=\"ectbe-ev-day\">07<\/span>\n                                <span class=\"ectbe-ev-mo\">ekaina<\/span>\n                                <span class=\"ectbe-ev-yr\">2008<\/span>\n                                <\/div><div class=\"ectbe-content-box\"><div class=\"ectbe-evt-title\"><a class=\"ectbe-evt-url\" href=\"https:\/\/goizale.com\/eu\/event\/picos-de-europa-5\/\">Picos de Europa<\/a><\/div><div class=\"ectbe-evt-time\"><i class=\"ectbe-icon-clock\"><\/i>All day<\/div><div class=\"ectbe-evt-description\"><p>7 de junio&nbsp;(s\u00e1bado): Poncebos-Urriellu (7-8 horas)8 de junio&nbsp;(domingo): Urriellu-El Cable (5-6 horas)Salida: a las 06:00 de la ma\u00f1ana, en la parada de autobuses de Gernika-Lumo. Precio:&nbsp;Socios: 60 \u20ac \/ No [&hellip;]<\/p>\n<\/div><div class=\"ectbe-evt-cost\">\n\t\t\t\t\t\t\t<span class=\"ectbe-icon\"><i class=\"ectbe-icon-ticket\" aria-hidden=\"true\"><\/i><\/span>\n\t\t\t\t\t\t\t<span class=\"ectbe-rate\">\u20ac60<\/span>\n\t\t\t\t\t\t<\/div><\/div><div class=\"ectbe-evt-more-box\"><a class=\"ectbe-evt-read-more\" href=\"https:\/\/goizale.com\/eu\/event\/picos-de-europa-5\/\">Find out more<\/a><\/div><\/div><div id=\"event-493\" class=\"ectbe-inner-wrapper ectbe-simple-event\"><div class=\"ectbe-date-area\">\n                                <span class=\"ectbe-ev-day\">22<\/span>\n                                <span class=\"ectbe-ev-mo\">ekaina<\/span>\n                                <span class=\"ectbe-ev-yr\">2008<\/span>\n                                <\/div><div class=\"ectbe-content-box\"><div class=\"ectbe-evt-title\"><a class=\"ectbe-evt-url\" href=\"https:\/\/goizale.com\/eu\/event\/bidarrai-irubelakaskoa-amaiur-nafarroa-beherea-nafarroa\/\">Bidarrai - Irubelakaskoa - Amaiur (Nafarroa Beherea - Nafarroa)<\/a><\/div><div class=\"ectbe-evt-time\"><i class=\"ectbe-icon-clock\"><\/i>All day<\/div><div class=\"ectbe-evt-description\"><p>D\u00eda: 22 de junio (domingo).Salida: a las 07:00 de la ma\u00f1ana, en la parada de autobuses de Gernika-Lumo.Recorrido: 6 horas. Precio:&nbsp;Socios: 10 euros \/ No socios: 12 euros \/ -17 [&hellip;]<\/p>\n<\/div><\/div><div class=\"ectbe-evt-more-box\"><a class=\"ectbe-evt-read-more\" href=\"https:\/\/goizale.com\/eu\/event\/bidarrai-irubelakaskoa-amaiur-nafarroa-beherea-nafarroa\/\">Find out more<\/a><\/div><\/div><div id=\"event-496\" class=\"ectbe-inner-wrapper ectbe-simple-event\"><div class=\"ectbe-date-area\">\n                                <span class=\"ectbe-ev-day\">02<\/span>\n                                <span class=\"ectbe-ev-mo\">uztaila<\/span>\n                                <span class=\"ectbe-ev-yr\">2008<\/span>\n                                <\/div><div class=\"ectbe-content-box\"><div class=\"ectbe-evt-title\"><a class=\"ectbe-evt-url\" href=\"https:\/\/goizale.com\/eu\/event\/alpes\/\">Alpes<\/a><\/div><div class=\"ectbe-evt-time\"><i class=\"ectbe-icon-clock\"><\/i>All day<\/div><div class=\"ectbe-evt-description\"><\/div><\/div><div class=\"ectbe-evt-more-box\"><a class=\"ectbe-evt-read-more\" href=\"https:\/\/goizale.com\/eu\/event\/alpes\/\">Find out more<\/a><\/div><\/div><div id=\"event-498\" class=\"ectbe-inner-wrapper ectbe-simple-event\"><div class=\"ectbe-date-area\">\n                                <span class=\"ectbe-ev-day\">20<\/span>\n                                <span class=\"ectbe-ev-mo\">iraila<\/span>\n                                <span class=\"ectbe-ev-yr\">2008<\/span>\n                                <\/div><div class=\"ectbe-content-box\"><div class=\"ectbe-evt-title\"><a class=\"ectbe-evt-url\" href=\"https:\/\/goizale.com\/eu\/event\/urdaibai-08\/\">Urdaibai 08<\/a><\/div><div class=\"ectbe-evt-time\"><i class=\"ectbe-icon-clock\"><\/i>All day<\/div><div class=\"ectbe-evt-description\"><\/div><\/div><div class=\"ectbe-evt-more-box\"><a class=\"ectbe-evt-read-more\" href=\"https:\/\/goizale.com\/eu\/event\/urdaibai-08\/\">Find out more<\/a><\/div><\/div><div id=\"event-500\" class=\"ectbe-inner-wrapper ectbe-simple-event\"><div class=\"ectbe-date-area\">\n                                <span class=\"ectbe-ev-day\">04<\/span>\n                                <span class=\"ectbe-ev-mo\">urria<\/span>\n                                <span class=\"ectbe-ev-yr\">2008<\/span>\n                                <\/div><div class=\"ectbe-content-box\"><div class=\"ectbe-evt-title\"><a class=\"ectbe-evt-url\" href=\"https:\/\/goizale.com\/eu\/event\/pirineos-la-mongie-bielsa\/\">Pirineos (La Mongie - Bielsa)<\/a><\/div><div class=\"ectbe-evt-time\"><i class=\"ectbe-icon-clock\"><\/i>All day<\/div><div class=\"ectbe-evt-description\"><p>4 de octubre (s\u00e1bado): La Mongie - Pico Bastan (2.715 m) - Lac D'Oule.Recorrido: 6-7 h.5 de octubre (domingo): Hospital de Parz\u00e1n - Pico Liena (2.609 m) - Circo Barrosa.Recorrido: [&hellip;]<\/p>\n<\/div><\/div><div class=\"ectbe-evt-more-box\"><a class=\"ectbe-evt-read-more\" href=\"https:\/\/goizale.com\/eu\/event\/pirineos-la-mongie-bielsa\/\">Find out more<\/a><\/div><\/div><div id=\"event-502\" class=\"ectbe-inner-wrapper ectbe-simple-event\"><div class=\"ectbe-date-area\">\n                                <span class=\"ectbe-ev-day\">08<\/span>\n                                <span class=\"ectbe-ev-mo\">azaroa<\/span>\n                                <span class=\"ectbe-ev-yr\">2008<\/span>\n                                <\/div><div class=\"ectbe-content-box\"><div class=\"ectbe-evt-title\"><a class=\"ectbe-evt-url\" href=\"https:\/\/goizale.com\/eu\/event\/ermitas-de-urdaibai-mundaka-bermeo\/\">Ermitas de Urdaibai (Mundaka - Bermeo)<\/a><\/div><div class=\"ectbe-evt-time\"><i class=\"ectbe-icon-clock\"><\/i>All day<\/div><div class=\"ectbe-evt-description\"><p>08\/11\/2008 D\u00eda: 8 de noviembre (s\u00e1bado).Salida: a las 08:00 de la ma\u00f1ana, en la estaci\u00f3n de trenes de Gernika.Longitud: 22 km. D\u00eda: 8 de noviembre (s\u00e1bado).Salida: a las 08:00 de [&hellip;]<\/p>\n<\/div><\/div><div class=\"ectbe-evt-more-box\"><a class=\"ectbe-evt-read-more\" href=\"https:\/\/goizale.com\/eu\/event\/ermitas-de-urdaibai-mundaka-bermeo\/\">Find out more<\/a><\/div><\/div><div id=\"event-504\" class=\"ectbe-inner-wrapper ectbe-simple-event\"><div class=\"ectbe-date-area\">\n                                <span class=\"ectbe-ev-day\">17<\/span>\n                                <span class=\"ectbe-ev-mo\">azaroa<\/span>\n                                <span class=\"ectbe-ev-yr\">2008<\/span>\n                                <\/div><div class=\"ectbe-content-box\"><div class=\"ectbe-evt-title\"><a class=\"ectbe-evt-url\" href=\"https:\/\/goizale.com\/eu\/event\/jornadas-de-montana-5\/\">Jornadas de Monta\u00f1a<\/a><\/div><div class=\"ectbe-evt-time\"><i class=\"ectbe-icon-clock\"><\/i>All day<\/div><div class=\"ectbe-evt-description\"><\/div><\/div><div class=\"ectbe-evt-more-box\"><a class=\"ectbe-evt-read-more\" href=\"https:\/\/goizale.com\/eu\/event\/jornadas-de-montana-5\/\">Find out more<\/a><\/div><\/div><div id=\"event-506\" class=\"ectbe-inner-wrapper ectbe-simple-event\"><div class=\"ectbe-date-area\">\n                                <span class=\"ectbe-ev-day\">23<\/span>\n                                <span class=\"ectbe-ev-mo\">azaroa<\/span>\n                                <span class=\"ectbe-ev-yr\">2008<\/span>\n                                <\/div><div class=\"ectbe-content-box\"><div class=\"ectbe-evt-title\"><a class=\"ectbe-evt-url\" href=\"https:\/\/goizale.com\/eu\/event\/ermitas-de-munitibar\/\">Ermitas de Munitibar<\/a><\/div><div class=\"ectbe-evt-time\"><i class=\"ectbe-icon-clock\"><\/i>All day<\/div><div class=\"ectbe-evt-description\"><\/div><\/div><div class=\"ectbe-evt-more-box\"><a class=\"ectbe-evt-read-more\" href=\"https:\/\/goizale.com\/eu\/event\/ermitas-de-munitibar\/\">Find out more<\/a><\/div><\/div><div id=\"event-508\" class=\"ectbe-inner-wrapper ectbe-simple-event\"><div class=\"ectbe-date-area\">\n                                <span class=\"ectbe-ev-day\">20<\/span>\n                                <span class=\"ectbe-ev-mo\">abendua<\/span>\n                                <span class=\"ectbe-ev-yr\">2008<\/span>\n                                <\/div><div class=\"ectbe-content-box\"><div class=\"ectbe-evt-title\"><a class=\"ectbe-evt-url\" href=\"https:\/\/goizale.com\/eu\/event\/comida-de-fin-de-ano-5\/\">Comida de fin de a\u00f1o<\/a><\/div><div class=\"ectbe-evt-time\"><i class=\"ectbe-icon-clock\"><\/i>All day<\/div><div class=\"ectbe-evt-description\"><p>D\u00eda: 20\/12\/2008Lugar: Txoko de LumoHora: 15:00Precio: 30 euros, m\u00e1s o menos(hay que pagar 10 euros al apuntarse)\u00daltimo d\u00eda para apuntarse: 16 de diciembre (jueves)<\/p>\n<\/div><\/div><div class=\"ectbe-evt-more-box\"><a class=\"ectbe-evt-read-more\" href=\"https:\/\/goizale.com\/eu\/event\/comida-de-fin-de-ano-5\/\">Find out more<\/a><\/div><\/div><div id=\"event-510\" class=\"ectbe-inner-wrapper ectbe-simple-event\"><div class=\"ectbe-date-area\">\n                                <span class=\"ectbe-ev-day\">21<\/span>\n                                <span class=\"ectbe-ev-mo\">abendua<\/span>\n                                <span class=\"ectbe-ev-yr\">2008<\/span>\n                                <\/div><div class=\"ectbe-content-box\"><div class=\"ectbe-evt-title\"><a class=\"ectbe-evt-url\" href=\"https:\/\/goizale.com\/eu\/event\/iluntzar-13\/\">Iluntzar<\/a><\/div><div class=\"ectbe-evt-time\"><i class=\"ectbe-icon-clock\"><\/i>All day<\/div><div class=\"ectbe-evt-description\"><p>D\u00eda: 21 de diciembre, domingoHora: 09:00Lugar: parada de autobuses de Gernika-LumoPrecio: gratisA continuaci\u00f3n habr\u00e1 hamaiketako en los locales del club<\/p>\n<\/div><\/div><div class=\"ectbe-evt-more-box\"><a class=\"ectbe-evt-read-more\" href=\"https:\/\/goizale.com\/eu\/event\/iluntzar-13\/\">Find out more<\/a><\/div><\/div><\/div>\t\t\t\t<\/div>\n\t\t\t\t<\/div>\n\t\t\t\t\t<\/div>\n\t\t<\/div>\n\t\t\t\t\t<\/div>\n\t\t<\/section>\n\t\t\t\t<\/div>\n\t\t","protected":false},"excerpt":{"rendered":"<p>SALIDAS 2008 20 enero 2008 Gernika &#8211; GernikaAll dayFind out more 17 febrero 2008 Pe\u00f1a Izaga (Nafarroa. A pie + BTT)All day D\u00eda: 17 de febrero (domingo).Salida: a las 08:00 [&hellip;]<\/p>\n","protected":false},"author":1,"featured_media":0,"parent":0,"menu_order":0,"comment_status":"closed","ping_status":"closed","template":"elementor_header_footer","meta":{"_EventAllDay":false,"_EventTimezone":"","_EventStartDate":"","_EventEndDate":"","_EventStartDateUTC":"","_EventEndDateUTC":"","_EventShowMap":false,"_EventShowMapLink":false,"_EventURL":"","_EventCost":"","_EventCostDescription":"","_EventCurrencySymbol":"","_EventCurrencyCode":"","_EventCurrencyPosition":"","_EventDateTimeSeparator":"","_EventTimeRangeSeparator":"","_EventOrganizerID":[],"_EventVenueID":[],"_OrganizerEmail":"","_OrganizerPhone":"","_OrganizerWebsite":"","_VenueAddress":"","_VenueCity":"","_VenueCountry":"","_VenueProvince":"","_VenueState":"","_VenueZip":"","_VenuePhone":"","_VenueURL":"","_VenueStateProvince":"","_VenueLat":"","_VenueLng":"","_VenueShowMap":false,"_VenueShowMapLink":false,"footnotes":""},"class_list":["post-62","page","type-page","status-publish","hentry"],"_links":{"self":[{"href":"https:\/\/goizale.com\/eu\/wp-json\/wp\/v2\/pages\/62","targetHints":{"allow":["GET"]}}],"collection":[{"href":"https:\/\/goizale.com\/eu\/wp-json\/wp\/v2\/pages"}],"about":[{"href":"https:\/\/goizale.com\/eu\/wp-json\/wp\/v2\/types\/page"}],"author":[{"embeddable":true,"href":"https:\/\/goizale.com\/eu\/wp-json\/wp\/v2\/users\/1"}],"replies":[{"embeddable":true,"href":"https:\/\/goizale.com\/eu\/wp-json\/wp\/v2\/comments?post=62"}],"version-history":[{"count":30,"href":"https:\/\/goizale.com\/eu\/wp-json\/wp\/v2\/pages\/62\/revisions"}],"predecessor-version":[{"id":5362,"href":"https:\/\/goizale.com\/eu\/wp-json\/wp\/v2\/pages\/62\/revisions\/5362"}],"wp:attachment":[{"href":"https:\/\/goizale.com\/eu\/wp-json\/wp\/v2\/media?parent=62"}],"curies":[{"name":"wp","href":"https:\/\/api.w.org\/{rel}","templated":true}]}}