{"id":5786,"date":"2024-01-11T08:44:24","date_gmt":"2024-01-11T08:44:24","guid":{"rendered":"https:\/\/goizale.com\/?page_id=5786"},"modified":"2024-01-11T12:07:02","modified_gmt":"2024-01-11T12:07:02","slug":"salidas-2024","status":"publish","type":"page","link":"https:\/\/goizale.com\/eu\/salidas-2024\/","title":{"rendered":"Irteerak 2024"},"content":{"rendered":"\t\t<div data-elementor-type=\"wp-page\" data-elementor-id=\"5786\" class=\"elementor elementor-5786\" data-elementor-settings=\"{&quot;ha_cmc_init_switcher&quot;:&quot;no&quot;}\" data-elementor-post-type=\"page\">\n\t\t\t\t\t\t<section class=\"elementor-section elementor-top-section elementor-element elementor-element-4b91817 elementor-section-boxed elementor-section-height-default elementor-section-height-default\" data-id=\"4b91817\" data-element_type=\"section\" data-e-type=\"section\" data-settings=\"{&quot;background_background&quot;:&quot;classic&quot;,&quot;_ha_eqh_enable&quot;:false}\">\n\t\t\t\t\t\t\t<div class=\"elementor-background-overlay\"><\/div>\n\t\t\t\t\t\t\t<div class=\"elementor-container elementor-column-gap-default\">\n\t\t\t\t\t<div class=\"elementor-column elementor-col-100 elementor-top-column elementor-element elementor-element-00f9a89\" data-id=\"00f9a89\" data-element_type=\"column\" data-e-type=\"column\">\n\t\t\t<div class=\"elementor-widget-wrap elementor-element-populated\">\n\t\t\t\t\t\t<div class=\"elementor-element elementor-element-e2487ba elementor-widget elementor-widget-spacer\" data-id=\"e2487ba\" data-element_type=\"widget\" data-e-type=\"widget\" data-widget_type=\"spacer.default\">\n\t\t\t\t<div class=\"elementor-widget-container\">\n\t\t\t\t\t\t\t<div class=\"elementor-spacer\">\n\t\t\t<div class=\"elementor-spacer-inner\"><\/div>\n\t\t<\/div>\n\t\t\t\t\t\t<\/div>\n\t\t\t\t<\/div>\n\t\t\t\t<div class=\"elementor-element elementor-element-ab156c7 elementor-widget elementor-widget-heading\" data-id=\"ab156c7\" data-element_type=\"widget\" data-e-type=\"widget\" data-widget_type=\"heading.default\">\n\t\t\t\t<div class=\"elementor-widget-container\">\n\t\t\t\t\t<h1 class=\"elementor-heading-title elementor-size-default\">SALIDAS 2024<\/h1>\t\t\t\t<\/div>\n\t\t\t\t<\/div>\n\t\t\t\t<div class=\"elementor-element elementor-element-8b29d51 elementor-widget elementor-widget-the-events-calendar-addon\" data-id=\"8b29d51\" data-element_type=\"widget\" data-e-type=\"widget\" data-widget_type=\"the-events-calendar-addon.default\">\n\t\t\t\t<div class=\"elementor-widget-container\">\n\t\t\t\t\t<!=========Events list Template 1.7.3=========><script type=\"application\/ld+json\">\r\n[{\"@context\":\"http:\/\/schema.org\",\"@type\":\"Event\",\"name\":\"Txindoki\",\"description\":\"&lt;p&gt;Lugar de salida: el s\\u00e1bado, a las 08:00 h, en Bermeo, C\/ Zubiaurtar kepa 30, en la estaci\\u00f3n de Bizkaibus. En Gernika a las 8:30 h en la estaci\\u00f3n de [&hellip;]&lt;\/p&gt;\\\\n\",\"url\":\"https:\/\/goizale.com\/eu\/event\/txindoki-4\/\",\"eventAttendanceMode\":\"https:\/\/schema.org\/OfflineEventAttendanceMode\",\"eventStatus\":\"https:\/\/schema.org\/EventScheduled\",\"startDate\":\"2026-04-18T08:00:00+00:00\",\"endDate\":\"2026-04-18T14:00:00+00:00\",\"performer\":\"Organization\"},{\"@context\":\"http:\/\/schema.org\",\"@type\":\"Event\",\"name\":\"Merindadeak\",\"description\":\"\",\"url\":\"https:\/\/goizale.com\/eu\/event\/merindadeak\/\",\"eventAttendanceMode\":\"https:\/\/schema.org\/OfflineEventAttendanceMode\",\"eventStatus\":\"https:\/\/schema.org\/EventScheduled\",\"startDate\":\"2026-05-31T00:00:00+00:00\",\"endDate\":\"2026-05-31T23:59:59+00:00\",\"performer\":\"Organization\"},{\"@context\":\"http:\/\/schema.org\",\"@type\":\"Event\",\"name\":\"Picos De Europa\\u00a0(27-28)\",\"description\":\"\",\"url\":\"https:\/\/goizale.com\/eu\/event\/picos-de-europa-27-28\/\",\"eventAttendanceMode\":\"https:\/\/schema.org\/OfflineEventAttendanceMode\",\"eventStatus\":\"https:\/\/schema.org\/EventScheduled\",\"startDate\":\"2026-06-27T00:00:00+00:00\",\"endDate\":\"2026-06-27T23:59:59+00:00\",\"performer\":\"Organization\"},{\"@context\":\"http:\/\/schema.org\",\"@type\":\"Event\",\"name\":\"Hernio\",\"description\":\"\",\"url\":\"https:\/\/goizale.com\/eu\/event\/hernio\/\",\"eventAttendanceMode\":\"https:\/\/schema.org\/OfflineEventAttendanceMode\",\"eventStatus\":\"https:\/\/schema.org\/EventScheduled\",\"startDate\":\"2026-09-27T00:00:00+00:00\",\"endDate\":\"2026-09-27T23:59:59+00:00\",\"performer\":\"Organization\"},{\"@context\":\"http:\/\/schema.org\",\"@type\":\"Event\",\"name\":\"Degurixa\\u00a0\",\"description\":\"\",\"url\":\"https:\/\/goizale.com\/eu\/event\/degurixa\/\",\"eventAttendanceMode\":\"https:\/\/schema.org\/OfflineEventAttendanceMode\",\"eventStatus\":\"https:\/\/schema.org\/EventScheduled\",\"startDate\":\"2026-10-18T00:00:00+00:00\",\"endDate\":\"2026-10-18T23:59:59+00:00\",\"performer\":\"Organization\"},{\"@context\":\"http:\/\/schema.org\",\"@type\":\"Event\",\"name\":\"Urdaibai\",\"description\":\"\",\"url\":\"https:\/\/goizale.com\/eu\/event\/azaroak-14-urdaibai\/\",\"eventAttendanceMode\":\"https:\/\/schema.org\/OfflineEventAttendanceMode\",\"eventStatus\":\"https:\/\/schema.org\/EventScheduled\",\"startDate\":\"2026-11-14T00:00:00+00:00\",\"endDate\":\"2026-11-14T23:59:59+00:00\",\"performer\":\"Organization\"},{\"@context\":\"http:\/\/schema.org\",\"@type\":\"Event\",\"name\":\"Iluntzar\",\"description\":\"\",\"url\":\"https:\/\/goizale.com\/eu\/event\/iluntzar-18\/\",\"eventAttendanceMode\":\"https:\/\/schema.org\/OfflineEventAttendanceMode\",\"eventStatus\":\"https:\/\/schema.org\/EventScheduled\",\"startDate\":\"2026-12-20T00:00:00+00:00\",\"endDate\":\"2026-12-20T23:59:59+00:00\",\"performer\":\"Organization\"}]\r\n<\/script><div id=\"ectbe-wrapper-8b29d51\" class=\"ectbe-wrapper ectbe-list-wrapper style-1\"><div id=\"event-5805\" class=\"ectbe-inner-wrapper ectbe-simple-event\"><div class=\"ectbe-date-area\">\n                                <span class=\"ectbe-ev-day\">21<\/span>\n                                <span class=\"ectbe-ev-mo\">urtarrila<\/span>\n                                <span class=\"ectbe-ev-yr\">2024<\/span>\n                                <\/div><div class=\"ectbe-content-box\"><div class=\"ectbe-evt-title\"><a class=\"ectbe-evt-url\" href=\"https:\/\/goizale.com\/eu\/event\/bolibar-gernika-prueba-2\/\">Ibarruri - Gernika-Lumo<\/a><\/div><div class=\"ectbe-evt-time\"><i class=\"ectbe-icon-clock\"><\/i>All day<\/div><div class=\"ectbe-evt-description\"><p>Salida: A las 09:00 de la ma\u00f1ana en la parada de autobus de Gernika. Gratis. Inscripci\u00f3n: hasta el 18 de enero. Recorrido: Ibarruri-Ajuria-Berroja-Ordorika-Kanpantxu-Gernika-Lumo (15 km.)<\/p>\n<\/div><\/div><div class=\"ectbe-evt-more-box\"><a class=\"ectbe-evt-read-more\" href=\"https:\/\/goizale.com\/eu\/event\/bolibar-gernika-prueba-2\/\">Find out more<\/a><\/div><\/div><div id=\"event-5873\" class=\"ectbe-inner-wrapper ectbe-simple-event\"><div class=\"ectbe-date-area\">\n                                <span class=\"ectbe-ev-day\">11<\/span>\n                                <span class=\"ectbe-ev-mo\">otsaila<\/span>\n                                <span class=\"ectbe-ev-yr\">2024<\/span>\n                                <\/div><div class=\"ectbe-content-box\"><div class=\"ectbe-evt-title\"><a class=\"ectbe-evt-url\" href=\"https:\/\/goizale.com\/eu\/event\/txitxiburduntzia-2\/\">Txitxiburduntzi<\/a><\/div><div class=\"ectbe-evt-time\"><i class=\"ectbe-icon-clock\"><\/i>All day<\/div><div class=\"ectbe-evt-description\"><p>Lugar de salida: Ayuntamiento de Gernika-Lumo. Inscripci\u00f3n: Hasta el 8 de febrero. Precio: Mayores de 12 a\u00f1os: 3 \u20ac; Menores de 12 a\u00f1os: Gratis. Recorrido: 7-8 kilometros. Despu\u00e9s txitxiburduntzi en [&hellip;]<\/p>\n<\/div><\/div><div class=\"ectbe-evt-more-box\"><a class=\"ectbe-evt-read-more\" href=\"https:\/\/goizale.com\/eu\/event\/txitxiburduntzia-2\/\">Find out more<\/a><\/div><\/div><div id=\"event-5879\" class=\"ectbe-inner-wrapper ectbe-simple-event\"><div class=\"ectbe-date-area\">\n                                <span class=\"ectbe-ev-day\">16<\/span>\n                                <span class=\"ectbe-ev-mo\">martxoa<\/span>\n                                <span class=\"ectbe-ev-yr\">2024<\/span>\n                                <\/div><div class=\"ectbe-content-box\"><div class=\"ectbe-evt-title\"><a class=\"ectbe-evt-url\" href=\"https:\/\/goizale.com\/eu\/event\/jorrios-armanon\/\">Turtzioz-Jorrios-Arma\u00f1on-Turtzioz<\/a><\/div><div class=\"ectbe-evt-time\"><i class=\"ectbe-icon-clock\"><\/i>All day<\/div><div class=\"ectbe-evt-description\"><p>Lugar de salida: A las 07:30 h, en la estaci\u00f3n de autobuses de Gernika. Inscripci\u00f3n: Hasta el 14 de marzo. Precio: Socios: 15 \u20ac; No socios: 18 \u20ac. Recorrido: 15 [&hellip;]<\/p>\n<\/div><\/div><div class=\"ectbe-evt-more-box\"><a class=\"ectbe-evt-read-more\" href=\"https:\/\/goizale.com\/eu\/event\/jorrios-armanon\/\">Find out more<\/a><\/div><\/div><div id=\"event-5851\" class=\"ectbe-inner-wrapper ectbe-simple-event\"><div class=\"ectbe-date-area\">\n                                <span class=\"ectbe-ev-day\">20<\/span>\n                                <span class=\"ectbe-ev-mo\">apirila<\/span>\n                                <span class=\"ectbe-ev-yr\">2024<\/span>\n                                <\/div><div class=\"ectbe-content-box\"><div class=\"ectbe-evt-title\"><a class=\"ectbe-evt-url\" href=\"https:\/\/goizale.com\/eu\/event\/adarra-inguruak\/\">Adarra inguruak<\/a><\/div><div class=\"ectbe-evt-time\"><i class=\"ectbe-icon-clock\"><\/i>All day<\/div><div class=\"ectbe-evt-description\"><p>Lugar de salida: A las 07:30 h, en la estaci\u00f3n de autobuses de Gernika. Inscripci\u00f3n: Hasta el 18 de abril. Precio: Socios: 15 \u20ac; No socios: 18 \u20ac. Recorrido: 17 [&hellip;]<\/p>\n<\/div><\/div><div class=\"ectbe-evt-more-box\"><a class=\"ectbe-evt-read-more\" href=\"https:\/\/goizale.com\/eu\/event\/adarra-inguruak\/\">Find out more<\/a><\/div><\/div><div id=\"event-5853\" class=\"ectbe-inner-wrapper ectbe-simple-event\"><div class=\"ectbe-date-area\">\n                                <span class=\"ectbe-ev-day\">25<\/span>\n                                <span class=\"ectbe-ev-mo\">maiatza<\/span>\n                                <span class=\"ectbe-ev-yr\">2024<\/span>\n                                <\/div><div class=\"ectbe-content-box\"><div class=\"ectbe-evt-title\"><a class=\"ectbe-evt-url\" href=\"https:\/\/goizale.com\/eu\/event\/picos-de-europa-6\/\">Picos de Europa (25-26 de mayo)<\/a><\/div><div class=\"ectbe-evt-time\"><i class=\"ectbe-icon-clock\"><\/i>All day<\/div><div class=\"ectbe-evt-description\"><p>Lugar de salida: El s\u00e1bado, a las 07:00 h, en la estaci\u00f3n de autobuses de Gernika. Inscripci\u00f3n: Hasta el 16 de mayo (plazas limitadas). Precio: (autob\u00fas, cena, noche, desayuno y [&hellip;]<\/p>\n<\/div><\/div><div class=\"ectbe-evt-more-box\"><a class=\"ectbe-evt-read-more\" href=\"https:\/\/goizale.com\/eu\/event\/picos-de-europa-6\/\">Find out more<\/a><\/div><\/div><div id=\"event-5858\" class=\"ectbe-inner-wrapper ectbe-simple-event\"><div class=\"ectbe-date-area\">\n                                <span class=\"ectbe-ev-day\">22<\/span>\n                                <span class=\"ectbe-ev-mo\">ekaina<\/span>\n                                <span class=\"ectbe-ev-yr\">2024<\/span>\n                                <\/div><div class=\"ectbe-content-box\"><div class=\"ectbe-evt-title\"><a class=\"ectbe-evt-url\" href=\"https:\/\/goizale.com\/eu\/event\/deba-zumaia\/\">Deba - Zumaia<\/a><\/div><div class=\"ectbe-evt-time\"><i class=\"ectbe-icon-clock\"><\/i>All day<\/div><div class=\"ectbe-evt-description\"><p>Precio:\u00a0Socios: 15 \u20ac \/ No socios: 18 \u20ac.Lugar de salida:\u00a0Estaci\u00f3n de autob\u00fas de Gernika-Lumo.Hora de salida:\u00a007:30 de la ma\u00f1ana.Recorrido:\u00a016 km. Inscripci\u00f3n:\u00a020 de junio.<\/p>\n<\/div><\/div><div class=\"ectbe-evt-more-box\"><a class=\"ectbe-evt-read-more\" href=\"https:\/\/goizale.com\/eu\/event\/deba-zumaia\/\">Find out more<\/a><\/div><\/div><div id=\"event-5895\" class=\"ectbe-inner-wrapper ectbe-simple-event\"><div class=\"ectbe-date-area\">\n                                <span class=\"ectbe-ev-day\">06<\/span>\n                                <span class=\"ectbe-ev-mo\">uztaila<\/span>\n                                <span class=\"ectbe-ev-yr\">2024<\/span>\n                                <\/div><div class=\"ectbe-content-box\"><div class=\"ectbe-evt-title\"><a class=\"ectbe-evt-url\" href=\"https:\/\/goizale.com\/eu\/event\/appennino-centrale-laquila-italia\/\">Appennino Centrale. L\u00b4Aquila. Italia<\/a><\/div><div class=\"ectbe-evt-time\"><i class=\"ectbe-icon-clock\"><\/i>12:00 pm<\/div><div class=\"ectbe-evt-description\"><\/div><\/div><div class=\"ectbe-evt-more-box\"><a class=\"ectbe-evt-read-more\" href=\"https:\/\/goizale.com\/eu\/event\/appennino-centrale-laquila-italia\/\">Find out more<\/a><\/div><\/div><div id=\"event-5861\" class=\"ectbe-inner-wrapper ectbe-simple-event\"><div class=\"ectbe-date-area\">\n                                <span class=\"ectbe-ev-day\">07<\/span>\n                                <span class=\"ectbe-ev-mo\">iraila<\/span>\n                                <span class=\"ectbe-ev-yr\">2024<\/span>\n                                <\/div><div class=\"ectbe-content-box\"><div class=\"ectbe-evt-title\"><a class=\"ectbe-evt-url\" href=\"https:\/\/goizale.com\/eu\/event\/amaiur-comete-sarea-irailak-7-8\/\">Alkurruntz Amaiurtik (Irailak 7-8)<\/a><\/div><div class=\"ectbe-evt-time\"><i class=\"ectbe-icon-clock\"><\/i>All day<\/div><div class=\"ectbe-evt-description\"><p>Lugar de salida: el s\u00e1bado, a las 07:00 h, en la estaci\u00f3n de autobuses de Gernika. Inscripci\u00f3n: hasta el 3 de septiembre. Precio: socios: 90 \u20ac \/ No socios: 95 [&hellip;]<\/p>\n<\/div><\/div><div class=\"ectbe-evt-more-box\"><a class=\"ectbe-evt-read-more\" href=\"https:\/\/goizale.com\/eu\/event\/amaiur-comete-sarea-irailak-7-8\/\">Find out more<\/a><\/div><\/div><div id=\"event-5864\" class=\"ectbe-inner-wrapper ectbe-simple-event\"><div class=\"ectbe-date-area\">\n                                <span class=\"ectbe-ev-day\">26<\/span>\n                                <span class=\"ectbe-ev-mo\">urria<\/span>\n                                <span class=\"ectbe-ev-yr\">2024<\/span>\n                                <\/div><div class=\"ectbe-content-box\"><div class=\"ectbe-evt-title\"><a class=\"ectbe-evt-url\" href=\"https:\/\/goizale.com\/eu\/event\/lapoblacion-santirso\/\">Lapoblaci\u00f3n - SanTirso<\/a><\/div><div class=\"ectbe-evt-time\"><i class=\"ectbe-icon-clock\"><\/i>All day<\/div><div class=\"ectbe-evt-description\"><p>Lugar de salida: el s\u00e1bado, a las 07:00 h, en la estaci\u00f3n de autobuses de Gernika. Inscripci\u00f3n: hasta el 24 de octubre. Precio: socios: 15 \u20ac \/ No socios: 18 [&hellip;]<\/p>\n<\/div><\/div><div class=\"ectbe-evt-more-box\"><a class=\"ectbe-evt-read-more\" href=\"https:\/\/goizale.com\/eu\/event\/lapoblacion-santirso\/\">Find out more<\/a><\/div><\/div><div id=\"event-5867\" class=\"ectbe-inner-wrapper ectbe-simple-event\"><div class=\"ectbe-date-area\">\n                                <span class=\"ectbe-ev-day\">09<\/span>\n                                <span class=\"ectbe-ev-mo\">azaroa<\/span>\n                                <span class=\"ectbe-ev-yr\">2024<\/span>\n                                <\/div><div class=\"ectbe-content-box\"><div class=\"ectbe-evt-title\"><a class=\"ectbe-evt-url\" href=\"https:\/\/goizale.com\/eu\/event\/urdaibai-2\/\">Bermiotik-Gernikara<\/a><\/div><div class=\"ectbe-evt-time\"><i class=\"ectbe-icon-clock\"><\/i>All day<\/div><div class=\"ectbe-evt-description\"><p>Lugar de salida: el s\u00e1bado, a las 08:19 h, en la estaci\u00f3n de tren de Gernika. Inscripci\u00f3n: hasta el 7 de noviembre. Recorrido: 17,5 km<\/p>\n<\/div><\/div><div class=\"ectbe-evt-more-box\"><a class=\"ectbe-evt-read-more\" href=\"https:\/\/goizale.com\/eu\/event\/urdaibai-2\/\">Find out more<\/a><\/div><\/div><div id=\"event-5869\" class=\"ectbe-inner-wrapper ectbe-simple-event\"><div class=\"ectbe-date-area\">\n                                <span class=\"ectbe-ev-day\">29<\/span>\n                                <span class=\"ectbe-ev-mo\">azaroa<\/span>\n                                <span class=\"ectbe-ev-yr\">2024<\/span>\n                                <\/div><div class=\"ectbe-content-box\"><div class=\"ectbe-evt-title\"><a class=\"ectbe-evt-url\" href=\"https:\/\/goizale.com\/eu\/event\/asamblea-general-2\/\">Asamblea general<\/a><\/div><div class=\"ectbe-evt-time\"><i class=\"ectbe-icon-clock\"><\/i>All day<\/div><div class=\"ectbe-evt-description\"><\/div><\/div><div class=\"ectbe-evt-more-box\"><a class=\"ectbe-evt-read-more\" href=\"https:\/\/goizale.com\/eu\/event\/asamblea-general-2\/\">Find out more<\/a><\/div><\/div><div id=\"event-5871\" class=\"ectbe-inner-wrapper ectbe-simple-event\"><div class=\"ectbe-date-area\">\n                                <span class=\"ectbe-ev-day\">22<\/span>\n                                <span class=\"ectbe-ev-mo\">abendua<\/span>\n                                <span class=\"ectbe-ev-yr\">2024<\/span>\n                                <\/div><div class=\"ectbe-content-box\"><div class=\"ectbe-evt-title\"><a class=\"ectbe-evt-url\" href=\"https:\/\/goizale.com\/eu\/event\/iluntzar-16\/\">Iluntzar<\/a><\/div><div class=\"ectbe-evt-time\"><i class=\"ectbe-icon-clock\"><\/i>All day<\/div><div class=\"ectbe-evt-description\"><p>Lugar de salida: el domingo, a las 09:00 h, en la estaci\u00f3n de autobuses de Gernika. Inscripci\u00f3n: hasta el 19 de diciembre. Recorrido: Zabaleta - Ineritze Leizea - Iluntzar - [&hellip;]<\/p>\n<\/div><\/div><div class=\"ectbe-evt-more-box\"><a class=\"ectbe-evt-read-more\" href=\"https:\/\/goizale.com\/eu\/event\/iluntzar-16\/\">Find out more<\/a><\/div><\/div><\/div>\t\t\t\t<\/div>\n\t\t\t\t<\/div>\n\t\t\t\t\t<\/div>\n\t\t<\/div>\n\t\t\t\t\t<\/div>\n\t\t<\/section>\n\t\t\t\t<\/div>\n\t\t","protected":false},"excerpt":{"rendered":"<p>SALIDAS 2024 05 January 2024 Bolibar &#8211; Gernika Prueba 28:00 am &#8211; 5:00 pm \u20ac10 Find out more 05 January 2024 Bolibar &#8211; Gernika Prueba8:00 am &#8211; 5:00 pm \u20ac10 [&hellip;]<\/p>\n","protected":false},"author":1,"featured_media":0,"parent":0,"menu_order":0,"comment_status":"closed","ping_status":"closed","template":"elementor_header_footer","meta":{"_EventAllDay":false,"_EventTimezone":"","_EventStartDate":"","_EventEndDate":"","_EventStartDateUTC":"","_EventEndDateUTC":"","_EventShowMap":false,"_EventShowMapLink":false,"_EventURL":"","_EventCost":"","_EventCostDescription":"","_EventCurrencySymbol":"","_EventCurrencyCode":"","_EventCurrencyPosition":"","_EventDateTimeSeparator":"","_EventTimeRangeSeparator":"","_EventOrganizerID":[],"_EventVenueID":[],"_OrganizerEmail":"","_OrganizerPhone":"","_OrganizerWebsite":"","_VenueAddress":"","_VenueCity":"","_VenueCountry":"","_VenueProvince":"","_VenueState":"","_VenueZip":"","_VenuePhone":"","_VenueURL":"","_VenueStateProvince":"","_VenueLat":"","_VenueLng":"","_VenueShowMap":false,"_VenueShowMapLink":false,"footnotes":""},"class_list":["post-5786","page","type-page","status-publish","hentry"],"_links":{"self":[{"href":"https:\/\/goizale.com\/eu\/wp-json\/wp\/v2\/pages\/5786","targetHints":{"allow":["GET"]}}],"collection":[{"href":"https:\/\/goizale.com\/eu\/wp-json\/wp\/v2\/pages"}],"about":[{"href":"https:\/\/goizale.com\/eu\/wp-json\/wp\/v2\/types\/page"}],"author":[{"embeddable":true,"href":"https:\/\/goizale.com\/eu\/wp-json\/wp\/v2\/users\/1"}],"replies":[{"embeddable":true,"href":"https:\/\/goizale.com\/eu\/wp-json\/wp\/v2\/comments?post=5786"}],"version-history":[{"count":19,"href":"https:\/\/goizale.com\/eu\/wp-json\/wp\/v2\/pages\/5786\/revisions"}],"predecessor-version":[{"id":5826,"href":"https:\/\/goizale.com\/eu\/wp-json\/wp\/v2\/pages\/5786\/revisions\/5826"}],"wp:attachment":[{"href":"https:\/\/goizale.com\/eu\/wp-json\/wp\/v2\/media?parent=5786"}],"curies":[{"name":"wp","href":"https:\/\/api.w.org\/{rel}","templated":true}]}}