{"id":5242,"date":"2022-12-30T09:09:53","date_gmt":"2022-12-30T09:09:53","guid":{"rendered":"https:\/\/goizale.com\/?page_id=5242"},"modified":"2023-02-20T08:45:57","modified_gmt":"2023-02-20T08:45:57","slug":"salidas-2023","status":"publish","type":"page","link":"https:\/\/goizale.com\/eu\/salidas-2023\/","title":{"rendered":"Irteerak 2023"},"content":{"rendered":"\t\t<div data-elementor-type=\"wp-page\" data-elementor-id=\"5242\" class=\"elementor elementor-5242\" data-elementor-settings=\"{&quot;ha_cmc_init_switcher&quot;:&quot;no&quot;}\" data-elementor-post-type=\"page\">\n\t\t\t\t\t\t<section class=\"elementor-section elementor-top-section elementor-element elementor-element-4b91817 elementor-section-boxed elementor-section-height-default elementor-section-height-default\" data-id=\"4b91817\" data-element_type=\"section\" data-e-type=\"section\" data-settings=\"{&quot;background_background&quot;:&quot;classic&quot;,&quot;_ha_eqh_enable&quot;:false}\">\n\t\t\t\t\t\t\t<div class=\"elementor-background-overlay\"><\/div>\n\t\t\t\t\t\t\t<div class=\"elementor-container elementor-column-gap-default\">\n\t\t\t\t\t<div class=\"elementor-column elementor-col-100 elementor-top-column elementor-element elementor-element-00f9a89\" data-id=\"00f9a89\" data-element_type=\"column\" data-e-type=\"column\">\n\t\t\t<div class=\"elementor-widget-wrap elementor-element-populated\">\n\t\t\t\t\t\t<div class=\"elementor-element elementor-element-e2487ba elementor-widget elementor-widget-spacer\" data-id=\"e2487ba\" data-element_type=\"widget\" data-e-type=\"widget\" data-widget_type=\"spacer.default\">\n\t\t\t\t<div class=\"elementor-widget-container\">\n\t\t\t\t\t\t\t<div class=\"elementor-spacer\">\n\t\t\t<div class=\"elementor-spacer-inner\"><\/div>\n\t\t<\/div>\n\t\t\t\t\t\t<\/div>\n\t\t\t\t<\/div>\n\t\t\t\t<div class=\"elementor-element elementor-element-ab156c7 elementor-widget elementor-widget-heading\" data-id=\"ab156c7\" data-element_type=\"widget\" data-e-type=\"widget\" data-widget_type=\"heading.default\">\n\t\t\t\t<div class=\"elementor-widget-container\">\n\t\t\t\t\t<h1 class=\"elementor-heading-title elementor-size-default\">SALIDAS 2023<\/h1>\t\t\t\t<\/div>\n\t\t\t\t<\/div>\n\t\t\t\t<div class=\"elementor-element elementor-element-8b29d51 elementor-widget elementor-widget-the-events-calendar-addon\" data-id=\"8b29d51\" data-element_type=\"widget\" data-e-type=\"widget\" data-widget_type=\"the-events-calendar-addon.default\">\n\t\t\t\t<div class=\"elementor-widget-container\">\n\t\t\t\t\t<!=========Events list Template 1.7.3=========><script type=\"application\/ld+json\">\r\n[{\"@context\":\"http:\/\/schema.org\",\"@type\":\"Event\",\"name\":\"Merindadeak\",\"description\":\"\",\"url\":\"https:\/\/goizale.com\/eu\/event\/merindadeak\/\",\"eventAttendanceMode\":\"https:\/\/schema.org\/OfflineEventAttendanceMode\",\"eventStatus\":\"https:\/\/schema.org\/EventScheduled\",\"startDate\":\"2026-05-31T00:00:00+00:00\",\"endDate\":\"2026-05-31T23:59:59+00:00\",\"performer\":\"Organization\"},{\"@context\":\"http:\/\/schema.org\",\"@type\":\"Event\",\"name\":\"Picos De Europa\\u00a0(27-28)\",\"description\":\"\",\"url\":\"https:\/\/goizale.com\/eu\/event\/picos-de-europa-27-28\/\",\"eventAttendanceMode\":\"https:\/\/schema.org\/OfflineEventAttendanceMode\",\"eventStatus\":\"https:\/\/schema.org\/EventScheduled\",\"startDate\":\"2026-06-27T00:00:00+00:00\",\"endDate\":\"2026-06-27T23:59:59+00:00\",\"performer\":\"Organization\"},{\"@context\":\"http:\/\/schema.org\",\"@type\":\"Event\",\"name\":\"Hernio\",\"description\":\"\",\"url\":\"https:\/\/goizale.com\/eu\/event\/hernio\/\",\"eventAttendanceMode\":\"https:\/\/schema.org\/OfflineEventAttendanceMode\",\"eventStatus\":\"https:\/\/schema.org\/EventScheduled\",\"startDate\":\"2026-09-27T00:00:00+00:00\",\"endDate\":\"2026-09-27T23:59:59+00:00\",\"performer\":\"Organization\"},{\"@context\":\"http:\/\/schema.org\",\"@type\":\"Event\",\"name\":\"Degurixa\\u00a0\",\"description\":\"\",\"url\":\"https:\/\/goizale.com\/eu\/event\/degurixa\/\",\"eventAttendanceMode\":\"https:\/\/schema.org\/OfflineEventAttendanceMode\",\"eventStatus\":\"https:\/\/schema.org\/EventScheduled\",\"startDate\":\"2026-10-18T00:00:00+00:00\",\"endDate\":\"2026-10-18T23:59:59+00:00\",\"performer\":\"Organization\"},{\"@context\":\"http:\/\/schema.org\",\"@type\":\"Event\",\"name\":\"Urdaibai\",\"description\":\"\",\"url\":\"https:\/\/goizale.com\/eu\/event\/azaroak-14-urdaibai\/\",\"eventAttendanceMode\":\"https:\/\/schema.org\/OfflineEventAttendanceMode\",\"eventStatus\":\"https:\/\/schema.org\/EventScheduled\",\"startDate\":\"2026-11-14T00:00:00+00:00\",\"endDate\":\"2026-11-14T23:59:59+00:00\",\"performer\":\"Organization\"},{\"@context\":\"http:\/\/schema.org\",\"@type\":\"Event\",\"name\":\"Iluntzar\",\"description\":\"\",\"url\":\"https:\/\/goizale.com\/eu\/event\/iluntzar-18\/\",\"eventAttendanceMode\":\"https:\/\/schema.org\/OfflineEventAttendanceMode\",\"eventStatus\":\"https:\/\/schema.org\/EventScheduled\",\"startDate\":\"2026-12-20T00:00:00+00:00\",\"endDate\":\"2026-12-20T23:59:59+00:00\",\"performer\":\"Organization\"}]\r\n<\/script><div id=\"ectbe-wrapper-8b29d51\" class=\"ectbe-wrapper ectbe-list-wrapper style-1\"><div id=\"event-5289\" class=\"ectbe-inner-wrapper ectbe-simple-event\"><div class=\"ectbe-date-area\">\n                                <span class=\"ectbe-ev-day\">29<\/span>\n                                <span class=\"ectbe-ev-mo\">urtarrila<\/span>\n                                <span class=\"ectbe-ev-yr\">2023<\/span>\n                                <\/div><div class=\"ectbe-content-box\"><div class=\"ectbe-evt-title\"><a class=\"ectbe-evt-url\" href=\"https:\/\/goizale.com\/eu\/event\/bolibar-gernika\/\">Bolibar - Gernika<\/a><\/div><div class=\"ectbe-evt-time\"><i class=\"ectbe-icon-clock\"><\/i>All day<\/div><div class=\"ectbe-evt-description\"><p>Bolibar \u2013 Gernika 29 de enero Precio:&nbsp;gratuito.Lugar de salida:&nbsp;Estaci\u00f3n de autobuses de Gernika-Lumo.Hora de salida:&nbsp;A las 08:00 de la ma\u00f1ana.Recorrido:&nbsp;5-6 horas, 25 km. Bolibar-Ziortza-Kortaguren-Ganbe-Ikeria-Albiz-Berrekondoko erreka-Kanpantxu-Gernika. Inscripci\u00f3n: hasta el 26 de [&hellip;]<\/p>\n<\/div><div class=\"ectbe-evt-cost\">\n\t\t\t\t\t\t\t<span class=\"ectbe-icon\"><i class=\"ectbe-icon-ticket\" aria-hidden=\"true\"><\/i><\/span>\n\t\t\t\t\t\t\t<span class=\"ectbe-rate\">Gratuito<\/span>\n\t\t\t\t\t\t<\/div><\/div><div class=\"ectbe-evt-more-box\"><a class=\"ectbe-evt-read-more\" href=\"https:\/\/goizale.com\/eu\/event\/bolibar-gernika\/\">Find out more<\/a><\/div><\/div><div id=\"event-5293\" class=\"ectbe-inner-wrapper ectbe-simple-event\"><div class=\"ectbe-date-area\">\n                                <span class=\"ectbe-ev-day\">12<\/span>\n                                <span class=\"ectbe-ev-mo\">otsaila<\/span>\n                                <span class=\"ectbe-ev-yr\">2023<\/span>\n                                <\/div><div class=\"ectbe-content-box\"><div class=\"ectbe-evt-title\"><a class=\"ectbe-evt-url\" href=\"https:\/\/goizale.com\/eu\/event\/txitxiburduntzi-5\/\">Txitxiburduntzi<\/a><\/div><div class=\"ectbe-evt-time\"><i class=\"ectbe-icon-clock\"><\/i>All day<\/div><div class=\"ectbe-evt-description\"><p>Txitxiburduntzi 22 de febrero Lugar de salida: Ayuntamiento de Gernika-Lumo.Hora de salida: A las 09:30 de la ma\u00f1ana.Recorrido: 8-9 km y txitxiburduntzi en el Txoko de Lumo.<\/p>\n<\/div><\/div><div class=\"ectbe-evt-more-box\"><a class=\"ectbe-evt-read-more\" href=\"https:\/\/goizale.com\/eu\/event\/txitxiburduntzi-5\/\">Find out more<\/a><\/div><\/div><div id=\"event-5297\" class=\"ectbe-inner-wrapper ectbe-simple-event\"><div class=\"ectbe-date-area\">\n                                <span class=\"ectbe-ev-day\">18<\/span>\n                                <span class=\"ectbe-ev-mo\">martxoa<\/span>\n                                <span class=\"ectbe-ev-yr\">2023<\/span>\n                                <\/div><div class=\"ectbe-content-box\"><div class=\"ectbe-evt-title\"><a class=\"ectbe-evt-url\" href=\"https:\/\/goizale.com\/eu\/event\/sopelana-2\/\">Sopelana<\/a><\/div><div class=\"ectbe-evt-time\"><i class=\"ectbe-icon-clock\"><\/i>All day<\/div><div class=\"ectbe-evt-description\"><p>Sopelana Sopela-Barrika-Sopela 18 de marzo @ 8:00 am \u2013 5:00 pm Precio: Salida: a las 8:00 de la ma\u00f1ana desde la estaci\u00f3n de autobuses de Gernika. El recorrido comenzar\u00e1 en [&hellip;]<\/p>\n<\/div><div class=\"ectbe-evt-cost\">\n\t\t\t\t\t\t\t<span class=\"ectbe-icon\"><i class=\"ectbe-icon-ticket\" aria-hidden=\"true\"><\/i><\/span>\n\t\t\t\t\t\t\t<span class=\"ectbe-rate\">\u20ac13 \u2013 \u20ac16<\/span>\n\t\t\t\t\t\t<\/div><\/div><div class=\"ectbe-evt-more-box\"><a class=\"ectbe-evt-read-more\" href=\"https:\/\/goizale.com\/eu\/event\/sopelana-2\/\">Find out more<\/a><\/div><\/div><div id=\"event-5301\" class=\"ectbe-inner-wrapper ectbe-simple-event\"><div class=\"ectbe-date-area\">\n                                <span class=\"ectbe-ev-day\">22<\/span>\n                                <span class=\"ectbe-ev-mo\">apirila<\/span>\n                                <span class=\"ectbe-ev-yr\">2023<\/span>\n                                <\/div><div class=\"ectbe-content-box\"><div class=\"ectbe-evt-title\"><a class=\"ectbe-evt-url\" href=\"https:\/\/goizale.com\/eu\/event\/aratz\/\">Araia-Urbia-Arantzazu<\/a><\/div><div class=\"ectbe-evt-time\"><i class=\"ectbe-icon-clock\"><\/i>All day<\/div><div class=\"ectbe-evt-description\"><p>Araia-Urbia-Arantzazu 22 de abril @ 8:00 am \u2013 5:00 pm Precio:&nbsp; Socios: 18\u20ac \/\/ Otros: 21\u20acLugar de salida:&nbsp;Estaci\u00f3n de autobuses de Gernika-Lumo.Hora de salida:&nbsp;A las 08:00 de la ma\u00f1ana.Recorrido:&nbsp;5-6 horas, [&hellip;]<\/p>\n<\/div><div class=\"ectbe-evt-cost\">\n\t\t\t\t\t\t\t<span class=\"ectbe-icon\"><i class=\"ectbe-icon-ticket\" aria-hidden=\"true\"><\/i><\/span>\n\t\t\t\t\t\t\t<span class=\"ectbe-rate\">\u20ac18 \u2013 \u20ac21<\/span>\n\t\t\t\t\t\t<\/div><\/div><div class=\"ectbe-evt-more-box\"><a class=\"ectbe-evt-read-more\" href=\"https:\/\/goizale.com\/eu\/event\/aratz\/\">Find out more<\/a><\/div><\/div><div id=\"event-5305\" class=\"ectbe-inner-wrapper ectbe-simple-event\"><div class=\"ectbe-date-area\">\n                                <span class=\"ectbe-ev-day\">20<\/span>\n                                <span class=\"ectbe-ev-mo\">maiatza<\/span>\n                                <span class=\"ectbe-ev-yr\">2023<\/span>\n                                <\/div><div class=\"ectbe-content-box\"><div class=\"ectbe-evt-title\"><a class=\"ectbe-evt-url\" href=\"https:\/\/goizale.com\/eu\/event\/altsasu-balankaleku-hirumugeta-intsusburu-artzainen-kaltzada-bernoa-copy\/\">Txindoki<\/a><\/div><div class=\"ectbe-evt-time\"><i class=\"ectbe-icon-clock\"><\/i>7:30 am - 5:00 pm<\/div><div class=\"ectbe-evt-description\"><p>Txindoki Precio: Socios: 18\u20ac Otros: 21\u20ac Salida: 8:00 El recorrido ser\u00e1 de unas 5-6 horas.<\/p>\n<\/div><\/div><div class=\"ectbe-evt-more-box\"><a class=\"ectbe-evt-read-more\" href=\"https:\/\/goizale.com\/eu\/event\/altsasu-balankaleku-hirumugeta-intsusburu-artzainen-kaltzada-bernoa-copy\/\">Find out more<\/a><\/div><\/div><div id=\"event-5304\" class=\"ectbe-inner-wrapper ectbe-simple-event\"><div class=\"ectbe-date-area\">\n                                <span class=\"ectbe-ev-day\">17<\/span>\n                                <span class=\"ectbe-ev-mo\">ekaina<\/span>\n                                <span class=\"ectbe-ev-yr\">2023<\/span>\n                                <\/div><div class=\"ectbe-content-box\"><div class=\"ectbe-evt-title\"><a class=\"ectbe-evt-url\" href=\"https:\/\/goizale.com\/eu\/event\/vinuesa-soria-2\/\">Vinuesa (Soria)<\/a><\/div><div class=\"ectbe-evt-time\"><i class=\"ectbe-icon-clock\"><\/i>All day<\/div><div class=\"ectbe-evt-description\"><p>Urbion, Laguna Negra, Laguna verde... 17-18 de junio @ 7:00 am \u2013 5:00 pm Precio: Socios: 120\u20ac Otros: 125\u20ac El precio incluye: autob\u00fas, media pensi\u00f3n y comida del domingo. Recorridos [&hellip;]<\/p>\n<\/div><\/div><div class=\"ectbe-evt-more-box\"><a class=\"ectbe-evt-read-more\" href=\"https:\/\/goizale.com\/eu\/event\/vinuesa-soria-2\/\">Find out more<\/a><\/div><\/div><div id=\"event-5312\" class=\"ectbe-inner-wrapper ectbe-simple-event\"><div class=\"ectbe-date-area\">\n                                <span class=\"ectbe-ev-day\">09<\/span>\n                                <span class=\"ectbe-ev-mo\">iraila<\/span>\n                                <span class=\"ectbe-ev-yr\">2023<\/span>\n                                <\/div><div class=\"ectbe-content-box\"><div class=\"ectbe-evt-title\"><a class=\"ectbe-evt-url\" href=\"https:\/\/goizale.com\/eu\/event\/ziburu-endarlatsa-sarobe\/\">Ziburu-Endarlatsa-Sarobe<\/a><\/div><div class=\"ectbe-evt-time\"><i class=\"ectbe-icon-clock\"><\/i>All day<\/div><div class=\"ectbe-evt-description\"><p>Irailak 9-10 @ 8:00 am \u2013 5:00 pm COM\u00c8TE SAREA Datorren iraileko 2. astebururako, irailak 9 eta 10, GoizaleM.T.k irteera antolatu du Com\u00e8te Sareak urtero antolatzen duen ekimenarekin bat egiteko. [&hellip;]<\/p>\n<\/div><div class=\"ectbe-evt-cost\">\n\t\t\t\t\t\t\t<span class=\"ectbe-icon\"><i class=\"ectbe-icon-ticket\" aria-hidden=\"true\"><\/i><\/span>\n\t\t\t\t\t\t\t<span class=\"ectbe-rate\">\u20ac85 \u2013 \u20ac90<\/span>\n\t\t\t\t\t\t<\/div><\/div><div class=\"ectbe-evt-more-box\"><a class=\"ectbe-evt-read-more\" href=\"https:\/\/goizale.com\/eu\/event\/ziburu-endarlatsa-sarobe\/\">Find out more<\/a><\/div><\/div><div id=\"event-5315\" class=\"ectbe-inner-wrapper ectbe-simple-event\"><div class=\"ectbe-date-area\">\n                                <span class=\"ectbe-ev-day\">21<\/span>\n                                <span class=\"ectbe-ev-mo\">urria<\/span>\n                                <span class=\"ectbe-ev-yr\">2023<\/span>\n                                <\/div><div class=\"ectbe-content-box\"><div class=\"ectbe-evt-title\"><a class=\"ectbe-evt-url\" href=\"https:\/\/goizale.com\/eu\/event\/txindoki\/\">Altsasu<\/a><\/div><div class=\"ectbe-evt-time\"><i class=\"ectbe-icon-clock\"><\/i>All day<\/div><div class=\"ectbe-evt-description\"><p>Altsasu (Balankaleku, Hirumugeta, Intsusburu, Artzainen kaltzada: Bernoa) 21 de octubre @ 8:00 am \u2013 5:00 pm<\/p>\n<\/div><\/div><div class=\"ectbe-evt-more-box\"><a class=\"ectbe-evt-read-more\" href=\"https:\/\/goizale.com\/eu\/event\/txindoki\/\">Find out more<\/a><\/div><\/div><div id=\"event-5318\" class=\"ectbe-inner-wrapper ectbe-simple-event\"><div class=\"ectbe-date-area\">\n                                <span class=\"ectbe-ev-day\">11<\/span>\n                                <span class=\"ectbe-ev-mo\">azaroa<\/span>\n                                <span class=\"ectbe-ev-yr\">2023<\/span>\n                                <\/div><div class=\"ectbe-content-box\"><div class=\"ectbe-evt-title\"><a class=\"ectbe-evt-url\" href=\"https:\/\/goizale.com\/eu\/event\/vuelta-por-urdaibai\/\">Vuelta por Urdaibai<\/a><\/div><div class=\"ectbe-evt-time\"><i class=\"ectbe-icon-clock\"><\/i>All day<\/div><div class=\"ectbe-evt-description\"><p>Vuelta por Urdaibai 11 de noviembre @ 8:00 am \u2013 5:00 pm<\/p>\n<\/div><\/div><div class=\"ectbe-evt-more-box\"><a class=\"ectbe-evt-read-more\" href=\"https:\/\/goizale.com\/eu\/event\/vuelta-por-urdaibai\/\">Find out more<\/a><\/div><\/div><div id=\"event-5247\" class=\"ectbe-inner-wrapper ectbe-simple-event\"><div class=\"ectbe-date-area\">\n                                <span class=\"ectbe-ev-day\">17<\/span>\n                                <span class=\"ectbe-ev-mo\">abendua<\/span>\n                                <span class=\"ectbe-ev-yr\">2023<\/span>\n                                <\/div><div class=\"ectbe-content-box\"><div class=\"ectbe-evt-title\"><a class=\"ectbe-evt-url\" href=\"https:\/\/goizale.com\/eu\/event\/iluntzar-15\/\">Iluntzar<\/a><\/div><div class=\"ectbe-evt-time\"><i class=\"ectbe-icon-clock\"><\/i>9:00 am - 12:30 pm<\/div><div class=\"ectbe-evt-description\"><p>Iluntzar diciembre 17, 2023 (la ma\u00f1ana) D\u00eda: 17 de diciembre, domingo. Salida familiar en la que se subir\u00e1 al monte Iluntzar (Nabarniz), se proceder\u00e1 a colocar el nacimiento y terminar\u00e1 [&hellip;]<\/p>\n<\/div><div class=\"ectbe-evt-cost\">\n\t\t\t\t\t\t\t<span class=\"ectbe-icon\"><i class=\"ectbe-icon-ticket\" aria-hidden=\"true\"><\/i><\/span>\n\t\t\t\t\t\t\t<span class=\"ectbe-rate\">Gratuito<\/span>\n\t\t\t\t\t\t<\/div><\/div><div class=\"ectbe-evt-more-box\"><a class=\"ectbe-evt-read-more\" href=\"https:\/\/goizale.com\/eu\/event\/iluntzar-15\/\">Find out more<\/a><\/div><\/div><\/div>\t\t\t\t<\/div>\n\t\t\t\t<\/div>\n\t\t\t\t\t<\/div>\n\t\t<\/div>\n\t\t\t\t\t<\/div>\n\t\t<\/section>\n\t\t\t\t<\/div>\n\t\t","protected":false},"excerpt":{"rendered":"<p>SALIDAS 2023 29 enero 2023 Bolibar &#8211; GernikaAll day Bolibar \u2013 Gernika 29 de enero Precio:&nbsp;gratuito.Lugar de salida:&nbsp;Estaci\u00f3n de autobuses de Gernika-Lumo.Hora de salida:&nbsp;A las 08:00 de la ma\u00f1ana.Recorrido:&nbsp;5-6 horas, [&hellip;]<\/p>\n","protected":false},"author":1,"featured_media":0,"parent":0,"menu_order":0,"comment_status":"closed","ping_status":"closed","template":"elementor_header_footer","meta":{"_EventAllDay":false,"_EventTimezone":"","_EventStartDate":"","_EventEndDate":"","_EventStartDateUTC":"","_EventEndDateUTC":"","_EventShowMap":false,"_EventShowMapLink":false,"_EventURL":"","_EventCost":"","_EventCostDescription":"","_EventCurrencySymbol":"","_EventCurrencyCode":"","_EventCurrencyPosition":"","_EventDateTimeSeparator":"","_EventTimeRangeSeparator":"","_EventOrganizerID":[],"_EventVenueID":[],"_OrganizerEmail":"","_OrganizerPhone":"","_OrganizerWebsite":"","_VenueAddress":"","_VenueCity":"","_VenueCountry":"","_VenueProvince":"","_VenueState":"","_VenueZip":"","_VenuePhone":"","_VenueURL":"","_VenueStateProvince":"","_VenueLat":"","_VenueLng":"","_VenueShowMap":false,"_VenueShowMapLink":false,"footnotes":""},"class_list":["post-5242","page","type-page","status-publish","hentry"],"_links":{"self":[{"href":"https:\/\/goizale.com\/eu\/wp-json\/wp\/v2\/pages\/5242","targetHints":{"allow":["GET"]}}],"collection":[{"href":"https:\/\/goizale.com\/eu\/wp-json\/wp\/v2\/pages"}],"about":[{"href":"https:\/\/goizale.com\/eu\/wp-json\/wp\/v2\/types\/page"}],"author":[{"embeddable":true,"href":"https:\/\/goizale.com\/eu\/wp-json\/wp\/v2\/users\/1"}],"replies":[{"embeddable":true,"href":"https:\/\/goizale.com\/eu\/wp-json\/wp\/v2\/comments?post=5242"}],"version-history":[{"count":46,"href":"https:\/\/goizale.com\/eu\/wp-json\/wp\/v2\/pages\/5242\/revisions"}],"predecessor-version":[{"id":5492,"href":"https:\/\/goizale.com\/eu\/wp-json\/wp\/v2\/pages\/5242\/revisions\/5492"}],"wp:attachment":[{"href":"https:\/\/goizale.com\/eu\/wp-json\/wp\/v2\/media?parent=5242"}],"curies":[{"name":"wp","href":"https:\/\/api.w.org\/{rel}","templated":true}]}}