{"id":4594,"date":"2022-02-08T15:27:38","date_gmt":"2022-02-08T15:27:38","guid":{"rendered":"https:\/\/dennis.rkinformatika.net\/goizale\/?page_id=4594"},"modified":"2023-01-03T09:38:10","modified_gmt":"2023-01-03T09:38:10","slug":"salidas-2022","status":"publish","type":"page","link":"https:\/\/goizale.com\/eu\/salidas-2022\/","title":{"rendered":"Irteerak 2022"},"content":{"rendered":"\t\t<div data-elementor-type=\"wp-page\" data-elementor-id=\"4594\" class=\"elementor elementor-4594\" data-elementor-settings=\"{&quot;ha_cmc_init_switcher&quot;:&quot;no&quot;}\" data-elementor-post-type=\"page\">\n\t\t\t\t\t\t<section class=\"elementor-section elementor-top-section elementor-element elementor-element-4b91817 elementor-section-boxed elementor-section-height-default elementor-section-height-default\" data-id=\"4b91817\" data-element_type=\"section\" data-e-type=\"section\" data-settings=\"{&quot;background_background&quot;:&quot;classic&quot;,&quot;_ha_eqh_enable&quot;:false}\">\n\t\t\t\t\t\t\t<div class=\"elementor-background-overlay\"><\/div>\n\t\t\t\t\t\t\t<div class=\"elementor-container elementor-column-gap-default\">\n\t\t\t\t\t<div class=\"elementor-column elementor-col-100 elementor-top-column elementor-element elementor-element-00f9a89\" data-id=\"00f9a89\" data-element_type=\"column\" data-e-type=\"column\">\n\t\t\t<div class=\"elementor-widget-wrap elementor-element-populated\">\n\t\t\t\t\t\t<div class=\"elementor-element elementor-element-e2487ba elementor-widget elementor-widget-spacer\" data-id=\"e2487ba\" data-element_type=\"widget\" data-e-type=\"widget\" data-widget_type=\"spacer.default\">\n\t\t\t\t<div class=\"elementor-widget-container\">\n\t\t\t\t\t\t\t<div class=\"elementor-spacer\">\n\t\t\t<div class=\"elementor-spacer-inner\"><\/div>\n\t\t<\/div>\n\t\t\t\t\t\t<\/div>\n\t\t\t\t<\/div>\n\t\t\t\t<div class=\"elementor-element elementor-element-ab156c7 elementor-widget elementor-widget-heading\" data-id=\"ab156c7\" data-element_type=\"widget\" data-e-type=\"widget\" data-widget_type=\"heading.default\">\n\t\t\t\t<div class=\"elementor-widget-container\">\n\t\t\t\t\t<h1 class=\"elementor-heading-title elementor-size-default\">SALIDAS 2022<\/h1>\t\t\t\t<\/div>\n\t\t\t\t<\/div>\n\t\t\t\t<div class=\"elementor-element elementor-element-b8dce08 elementor-widget elementor-widget-the-events-calendar-addon\" data-id=\"b8dce08\" data-element_type=\"widget\" data-e-type=\"widget\" data-widget_type=\"the-events-calendar-addon.default\">\n\t\t\t\t<div class=\"elementor-widget-container\">\n\t\t\t\t\t<!=========Events list Template 1.7.3=========><script type=\"application\/ld+json\">\r\n[{\"@context\":\"http:\/\/schema.org\",\"@type\":\"Event\",\"name\":\"Merindadeak\",\"description\":\"\",\"url\":\"https:\/\/goizale.com\/eu\/event\/merindadeak\/\",\"eventAttendanceMode\":\"https:\/\/schema.org\/OfflineEventAttendanceMode\",\"eventStatus\":\"https:\/\/schema.org\/EventScheduled\",\"startDate\":\"2026-05-31T00:00:00+00:00\",\"endDate\":\"2026-05-31T23:59:59+00:00\",\"performer\":\"Organization\"},{\"@context\":\"http:\/\/schema.org\",\"@type\":\"Event\",\"name\":\"Picos De Europa\\u00a0(27-28)\",\"description\":\"\",\"url\":\"https:\/\/goizale.com\/eu\/event\/picos-de-europa-27-28\/\",\"eventAttendanceMode\":\"https:\/\/schema.org\/OfflineEventAttendanceMode\",\"eventStatus\":\"https:\/\/schema.org\/EventScheduled\",\"startDate\":\"2026-06-27T00:00:00+00:00\",\"endDate\":\"2026-06-27T23:59:59+00:00\",\"performer\":\"Organization\"},{\"@context\":\"http:\/\/schema.org\",\"@type\":\"Event\",\"name\":\"Hernio\",\"description\":\"\",\"url\":\"https:\/\/goizale.com\/eu\/event\/hernio\/\",\"eventAttendanceMode\":\"https:\/\/schema.org\/OfflineEventAttendanceMode\",\"eventStatus\":\"https:\/\/schema.org\/EventScheduled\",\"startDate\":\"2026-09-27T00:00:00+00:00\",\"endDate\":\"2026-09-27T23:59:59+00:00\",\"performer\":\"Organization\"},{\"@context\":\"http:\/\/schema.org\",\"@type\":\"Event\",\"name\":\"Degurixa\\u00a0\",\"description\":\"\",\"url\":\"https:\/\/goizale.com\/eu\/event\/degurixa\/\",\"eventAttendanceMode\":\"https:\/\/schema.org\/OfflineEventAttendanceMode\",\"eventStatus\":\"https:\/\/schema.org\/EventScheduled\",\"startDate\":\"2026-10-18T00:00:00+00:00\",\"endDate\":\"2026-10-18T23:59:59+00:00\",\"performer\":\"Organization\"},{\"@context\":\"http:\/\/schema.org\",\"@type\":\"Event\",\"name\":\"Urdaibai\",\"description\":\"\",\"url\":\"https:\/\/goizale.com\/eu\/event\/azaroak-14-urdaibai\/\",\"eventAttendanceMode\":\"https:\/\/schema.org\/OfflineEventAttendanceMode\",\"eventStatus\":\"https:\/\/schema.org\/EventScheduled\",\"startDate\":\"2026-11-14T00:00:00+00:00\",\"endDate\":\"2026-11-14T23:59:59+00:00\",\"performer\":\"Organization\"},{\"@context\":\"http:\/\/schema.org\",\"@type\":\"Event\",\"name\":\"Iluntzar\",\"description\":\"\",\"url\":\"https:\/\/goizale.com\/eu\/event\/iluntzar-18\/\",\"eventAttendanceMode\":\"https:\/\/schema.org\/OfflineEventAttendanceMode\",\"eventStatus\":\"https:\/\/schema.org\/EventScheduled\",\"startDate\":\"2026-12-20T00:00:00+00:00\",\"endDate\":\"2026-12-20T23:59:59+00:00\",\"performer\":\"Organization\"}]\r\n<\/script><div id=\"ectbe-wrapper-b8dce08\" class=\"ectbe-wrapper ectbe-list-wrapper style-1\"><div id=\"event-4730\" class=\"ectbe-inner-wrapper ectbe-simple-event\"><div class=\"ectbe-date-area\">\n                                <span class=\"ectbe-ev-day\">18<\/span>\n                                <span class=\"ectbe-ev-mo\">abendua<\/span>\n                                <span class=\"ectbe-ev-yr\">2022<\/span>\n                                <\/div><div class=\"ectbe-content-box\"><div class=\"ectbe-evt-title\"><a class=\"ectbe-evt-url\" href=\"https:\/\/goizale.com\/eu\/event\/iluntzar-14\/\">Iluntzar<\/a><\/div><div class=\"ectbe-evt-time\"><i class=\"ectbe-icon-clock\"><\/i>9:00 am - 12:30 pm<\/div><div class=\"ectbe-evt-description\"><p>Iluntzar diciembre 18, 2022 (la ma\u00f1ana) D\u00eda: 18 de diciembre, domingo. Salida familiar en la que se subir\u00e1 al monte Iluntzar (Nabarniz), se proceder\u00e1 a colocar el nacimiento y terminar\u00e1 [&hellip;]<\/p>\n<\/div><div class=\"ectbe-evt-cost\">\n\t\t\t\t\t\t\t<span class=\"ectbe-icon\"><i class=\"ectbe-icon-ticket\" aria-hidden=\"true\"><\/i><\/span>\n\t\t\t\t\t\t\t<span class=\"ectbe-rate\">Doan<\/span>\n\t\t\t\t\t\t<\/div><\/div><div class=\"ectbe-evt-more-box\"><a class=\"ectbe-evt-read-more\" href=\"https:\/\/goizale.com\/eu\/event\/iluntzar-14\/\">Find out more<\/a><\/div><\/div><div id=\"event-4728\" class=\"ectbe-inner-wrapper ectbe-simple-event\"><div class=\"ectbe-date-area\">\n                                <span class=\"ectbe-ev-day\">10<\/span>\n                                <span class=\"ectbe-ev-mo\">abendua<\/span>\n                                <span class=\"ectbe-ev-yr\">2022<\/span>\n                                <\/div><div class=\"ectbe-content-box\"><div class=\"ectbe-evt-title\"><a class=\"ectbe-evt-url\" href=\"https:\/\/goizale.com\/eu\/event\/urteko-bazkaria\/\">Comida anual<\/a><\/div><div class=\"ectbe-evt-time\"><i class=\"ectbe-icon-clock\"><\/i>3:00 pm - 8:00 pm<\/div><div class=\"ectbe-evt-description\"><p>Comida Anual diciembre 10, 2022 Todo el d\u00eda D\u00eda: 10\/12\/2022Lugar: Txoko de Lumo.Hora: 15:00.\u00a0 Precio: 30-35 euros, aproximadamente.\u00daltimo d\u00eda para apuntarse: 6 de diciembre.<\/p>\n<\/div><div class=\"ectbe-evt-cost\">\n\t\t\t\t\t\t\t<span class=\"ectbe-icon\"><i class=\"ectbe-icon-ticket\" aria-hidden=\"true\"><\/i><\/span>\n\t\t\t\t\t\t\t<span class=\"ectbe-rate\">\u20ac30 \u2013 \u20ac35<\/span>\n\t\t\t\t\t\t<\/div><\/div><div class=\"ectbe-evt-more-box\"><a class=\"ectbe-evt-read-more\" href=\"https:\/\/goizale.com\/eu\/event\/urteko-bazkaria\/\">Find out more<\/a><\/div><\/div><div id=\"event-4726\" class=\"ectbe-inner-wrapper ectbe-simple-event\"><div class=\"ectbe-date-area\">\n                                <span class=\"ectbe-ev-day\">01<\/span>\n                                <span class=\"ectbe-ev-mo\">abendua<\/span>\n                                <span class=\"ectbe-ev-yr\">2022<\/span>\n                                <\/div><div class=\"ectbe-content-box\"><div class=\"ectbe-evt-title\"><a class=\"ectbe-evt-url\" href=\"https:\/\/goizale.com\/eu\/event\/asamblea-anual-2\/\">Asamblea anual<\/a><\/div><div class=\"ectbe-evt-time\"><i class=\"ectbe-icon-clock\"><\/i>7:00 pm - 9:00 pm<\/div><div class=\"ectbe-evt-description\"><p>Asamblea anual D\u00eda: 1 de diciembre de 2022. Lugar: sede del Goizale. Hora: primera convocatoria 19:00 Segunda convocatoria 19:30<\/p>\n<\/div><div class=\"ectbe-evt-cost\">\n\t\t\t\t\t\t\t<span class=\"ectbe-icon\"><i class=\"ectbe-icon-ticket\" aria-hidden=\"true\"><\/i><\/span>\n\t\t\t\t\t\t\t<span class=\"ectbe-rate\">Doan<\/span>\n\t\t\t\t\t\t<\/div><\/div><div class=\"ectbe-evt-more-box\"><a class=\"ectbe-evt-read-more\" href=\"https:\/\/goizale.com\/eu\/event\/asamblea-anual-2\/\">Find out more<\/a><\/div><\/div><div id=\"event-4724\" class=\"ectbe-inner-wrapper ectbe-simple-event\"><div class=\"ectbe-date-area\">\n                                <span class=\"ectbe-ev-day\">19<\/span>\n                                <span class=\"ectbe-ev-mo\">azaroa<\/span>\n                                <span class=\"ectbe-ev-yr\">2022<\/span>\n                                <\/div><div class=\"ectbe-content-box\"><div class=\"ectbe-evt-title\"><a class=\"ectbe-evt-url\" href=\"https:\/\/goizale.com\/eu\/event\/sopelana\/\">Sopelana<\/a><\/div><div class=\"ectbe-evt-time\"><i class=\"ectbe-icon-clock\"><\/i>All day<\/div><div class=\"ectbe-evt-description\"><p>Sopelana Sopela-Barrika-Sopela 9 de noviembre @ 8:00 am \u2013 5:00 pm Precio: Salida: a las 8:00 de la ma\u00f1ana desde la estaci\u00f3n de autobuses de Gernika. El recorrido ser\u00e1 de [&hellip;]<\/p>\n<\/div><div class=\"ectbe-evt-cost\">\n\t\t\t\t\t\t\t<span class=\"ectbe-icon\"><i class=\"ectbe-icon-ticket\" aria-hidden=\"true\"><\/i><\/span>\n\t\t\t\t\t\t\t<span class=\"ectbe-rate\">\u20ac10 \u2013 \u20ac13<\/span>\n\t\t\t\t\t\t<\/div><\/div><div class=\"ectbe-evt-more-box\"><a class=\"ectbe-evt-read-more\" href=\"https:\/\/goizale.com\/eu\/event\/sopelana\/\">Find out more<\/a><\/div><\/div><div id=\"event-4722\" class=\"ectbe-inner-wrapper ectbe-simple-event\"><div class=\"ectbe-date-area\">\n                                <span class=\"ectbe-ev-day\">22<\/span>\n                                <span class=\"ectbe-ev-mo\">urria<\/span>\n                                <span class=\"ectbe-ev-yr\">2022<\/span>\n                                <\/div><div class=\"ectbe-content-box\"><div class=\"ectbe-evt-title\"><a class=\"ectbe-evt-url\" href=\"https:\/\/goizale.com\/eu\/event\/balmaseda-gordexola\/\">Balmaseda-Gordexola<\/a><\/div><div class=\"ectbe-evt-time\"><i class=\"ectbe-icon-clock\"><\/i>All day<\/div><div class=\"ectbe-evt-description\"><p>Balmaseda-Trasmosomos-Ilso-Gordexola octubre 22 @ 7:30 am \u2013 5:00 pm Precio: Socios: 12\u20ac El resto: 15\u20ac Salida: a las 7:30 de la estaci\u00f3n de autobuses de Gernika. El recorrido ser\u00e1 de [&hellip;]<\/p>\n<\/div><div class=\"ectbe-evt-cost\">\n\t\t\t\t\t\t\t<span class=\"ectbe-icon\"><i class=\"ectbe-icon-ticket\" aria-hidden=\"true\"><\/i><\/span>\n\t\t\t\t\t\t\t<span class=\"ectbe-rate\">\u20ac12 \u2013 \u20ac15<\/span>\n\t\t\t\t\t\t<\/div><\/div><div class=\"ectbe-evt-more-box\"><a class=\"ectbe-evt-read-more\" href=\"https:\/\/goizale.com\/eu\/event\/balmaseda-gordexola\/\">Find out more<\/a><\/div><\/div><div id=\"event-4720\" class=\"ectbe-inner-wrapper ectbe-simple-event\"><div class=\"ectbe-date-area\">\n                                <span class=\"ectbe-ev-day\">24<\/span>\n                                <span class=\"ectbe-ev-mo\">iraila<\/span>\n                                <span class=\"ectbe-ev-yr\">2022<\/span>\n                                <\/div><div class=\"ectbe-content-box\"><div class=\"ectbe-evt-title\"><a class=\"ectbe-evt-url\" href=\"https:\/\/goizale.com\/eu\/event\/valdezcaray-2\/\">Altsasu (Balankaleku, Hirumugeta, Intsusburu, Artzainen kaltzada: Bernoa)<\/a><\/div><div class=\"ectbe-evt-time\"><i class=\"ectbe-icon-clock\"><\/i>7:30 am - 5:00 pm<\/div><div class=\"ectbe-evt-description\"><p>Altsasu (Balankaleku, Hirumugeta, Intsusburu, Artzainen kaltzada: Bernoa) Precio: Socios: 13\u20ac El resto: 16\u20ac Salida: a las 7:30 de la estaci\u00f3n de autobuses de Gernika. El recorrido ser\u00e1 de 20 km, [&hellip;]<\/p>\n<\/div><div class=\"ectbe-evt-cost\">\n\t\t\t\t\t\t\t<span class=\"ectbe-icon\"><i class=\"ectbe-icon-ticket\" aria-hidden=\"true\"><\/i><\/span>\n\t\t\t\t\t\t\t<span class=\"ectbe-rate\">\u20ac13 \u2013 \u20ac16<\/span>\n\t\t\t\t\t\t<\/div><\/div><div class=\"ectbe-evt-more-box\"><a class=\"ectbe-evt-read-more\" href=\"https:\/\/goizale.com\/eu\/event\/valdezcaray-2\/\">Find out more<\/a><\/div><\/div><div id=\"event-4718\" class=\"ectbe-inner-wrapper ectbe-simple-event\"><div class=\"ectbe-date-area\">\n                                <span class=\"ectbe-ev-day\">18<\/span>\n                                <span class=\"ectbe-ev-mo\">ekaina<\/span>\n                                <span class=\"ectbe-ev-yr\">2022<\/span>\n                                <\/div><div class=\"ectbe-content-box\"><div class=\"ectbe-evt-title\"><a class=\"ectbe-evt-url\" href=\"https:\/\/goizale.com\/eu\/event\/noja-santona\/\">Noja-Santo\u00f1a<\/a><\/div><div class=\"ectbe-evt-time\"><i class=\"ectbe-icon-clock\"><\/i>7:30 am - 7:00 pm<\/div><div class=\"ectbe-evt-description\"><p>Noja-Faro del Caballo-Santo\u00f1a. Precio: Socios: 13\u20ac El resto: 16\u20ac Salida: a las 7:30 de la estaci\u00f3n de autobuses de Gernika. El recorrido ser\u00e1 de 19 km, unas 6 horas y [&hellip;]<\/p>\n<\/div><div class=\"ectbe-evt-cost\">\n\t\t\t\t\t\t\t<span class=\"ectbe-icon\"><i class=\"ectbe-icon-ticket\" aria-hidden=\"true\"><\/i><\/span>\n\t\t\t\t\t\t\t<span class=\"ectbe-rate\">\u20ac13 \u2013 \u20ac16<\/span>\n\t\t\t\t\t\t<\/div><\/div><div class=\"ectbe-evt-more-box\"><a class=\"ectbe-evt-read-more\" href=\"https:\/\/goizale.com\/eu\/event\/noja-santona\/\">Find out more<\/a><\/div><\/div><div id=\"event-4737\" class=\"ectbe-inner-wrapper ectbe-simple-event\"><div class=\"ectbe-date-area\">\n                                <span class=\"ectbe-ev-day\">21<\/span>\n                                <span class=\"ectbe-ev-mo\">maiatza<\/span>\n                                <span class=\"ectbe-ev-yr\">2022<\/span>\n                                <\/div><div class=\"ectbe-content-box\"><div class=\"ectbe-evt-title\"><a class=\"ectbe-evt-url\" href=\"https:\/\/goizale.com\/eu\/event\/barrios-de-errigoiti-y-barbacoa\/\">Barrios de Errigoiti y barbacoa<\/a><\/div><div class=\"ectbe-evt-time\"><i class=\"ectbe-icon-clock\"><\/i>10:00 am - 4:00 pm<\/div><div class=\"ectbe-evt-description\"><p>Salida 10 de la ma\u00f1ana del Elizalde de Errigoiti. Recorrido de unos 8-10 kil\u00f3metros por los barrios de Errigoiti. La barbacoa tendr\u00e1 lugar a las 14:00 horas en el Elizalde. [&hellip;]<\/p>\n<\/div><\/div><div class=\"ectbe-evt-more-box\"><a class=\"ectbe-evt-read-more\" href=\"https:\/\/goizale.com\/eu\/event\/barrios-de-errigoiti-y-barbacoa\/\">Find out more<\/a><\/div><\/div><div id=\"event-4714\" class=\"ectbe-inner-wrapper ectbe-simple-event\"><div class=\"ectbe-date-area\">\n                                <span class=\"ectbe-ev-day\">30<\/span>\n                                <span class=\"ectbe-ev-mo\">apirila<\/span>\n                                <span class=\"ectbe-ev-yr\">2022<\/span>\n                                <\/div><div class=\"ectbe-content-box\"><div class=\"ectbe-evt-title\"><a class=\"ectbe-evt-url\" href=\"https:\/\/goizale.com\/eu\/event\/aizkorri-2\/\">Aizkorri (Zegama-Urbia-Arantzazu)<\/a><\/div><div class=\"ectbe-evt-time\"><i class=\"ectbe-icon-clock\"><\/i>8:00 am - 5:00 pm<\/div><div class=\"ectbe-evt-description\"><p>Zegama-Urbia-Arantzazu 30 de abril (Todo el d\u00eda) Precio: Socios: 13 euros \/ Otros: 16 euros.Lugar de salida:\u00a0Estaci\u00f3n de autobuses de Gernika-Lumo.Hora de salida: A las 08:00 de la ma\u00f1ana.Recorrido: Zegama [&hellip;]<\/p>\n<\/div><div class=\"ectbe-evt-cost\">\n\t\t\t\t\t\t\t<span class=\"ectbe-icon\"><i class=\"ectbe-icon-ticket\" aria-hidden=\"true\"><\/i><\/span>\n\t\t\t\t\t\t\t<span class=\"ectbe-rate\">\u20ac13 \u2013 \u20ac16<\/span>\n\t\t\t\t\t\t<\/div><\/div><div class=\"ectbe-evt-more-box\"><a class=\"ectbe-evt-read-more\" href=\"https:\/\/goizale.com\/eu\/event\/aizkorri-2\/\">Find out more<\/a><\/div><\/div><div id=\"event-4437\" class=\"ectbe-inner-wrapper ectbe-simple-event\"><div class=\"ectbe-date-area\">\n                                <span class=\"ectbe-ev-day\">20<\/span>\n                                <span class=\"ectbe-ev-mo\">martxoa<\/span>\n                                <span class=\"ectbe-ev-yr\">2022<\/span>\n                                <\/div><div class=\"ectbe-content-box\"><div class=\"ectbe-evt-title\"><a class=\"ectbe-evt-url\" href=\"https:\/\/goizale.com\/eu\/event\/gorbea\/\">Balmaseda - Kolitza - Garbea - Balmaseda<\/a><\/div><div class=\"ectbe-evt-time\"><i class=\"ectbe-icon-clock\"><\/i>All day<\/div><div class=\"ectbe-evt-description\"><p>Precio:\u00a0Socios: 12 euros \/ No socios: 15 euros.Lugar de salida:\u00a0Estaci\u00f3n de autobuses de Gernika-Lumo.Hora de salida:\u00a0A las 07:30 de la ma\u00f1ana.Recorrido:\u00a0Balmaseda - Kolitza (883 m) - Garbea (718)- Balmaseda Longitud: [&hellip;]<\/p>\n<\/div><div class=\"ectbe-evt-cost\">\n\t\t\t\t\t\t\t<span class=\"ectbe-icon\"><i class=\"ectbe-icon-ticket\" aria-hidden=\"true\"><\/i><\/span>\n\t\t\t\t\t\t\t<span class=\"ectbe-rate\">12\u20ac \u2013 15\u20ac<\/span>\n\t\t\t\t\t\t<\/div><\/div><div class=\"ectbe-evt-more-box\"><a class=\"ectbe-evt-read-more\" href=\"https:\/\/goizale.com\/eu\/event\/gorbea\/\">Find out more<\/a><\/div><\/div><div id=\"event-4432\" class=\"ectbe-inner-wrapper ectbe-simple-event\"><div class=\"ectbe-date-area\">\n                                <span class=\"ectbe-ev-day\">20<\/span>\n                                <span class=\"ectbe-ev-mo\">otsaila<\/span>\n                                <span class=\"ectbe-ev-yr\">2022<\/span>\n                                <\/div><div class=\"ectbe-content-box\"><div class=\"ectbe-evt-title\"><a class=\"ectbe-evt-url\" href=\"https:\/\/goizale.com\/eu\/event\/txitxiburduntzi-4\/\">Txitxiburduntzi<\/a><\/div><div class=\"ectbe-evt-time\"><i class=\"ectbe-icon-clock\"><\/i>All day<\/div><div class=\"ectbe-evt-description\"><p>Txitxiburduntzi 20 de febrero Precio: 3\u20ac (gratuito para los menores de 12 a\u00f1os)Lugar de salida: Ayuntamiento de Gernika-Lumo.Hora de salida: A las 09:30 de la ma\u00f1ana.Recorrido: 8-9 km y txitxiburduntzi [&hellip;]<\/p>\n<\/div><div class=\"ectbe-evt-cost\">\n\t\t\t\t\t\t\t<span class=\"ectbe-icon\"><i class=\"ectbe-icon-ticket\" aria-hidden=\"true\"><\/i><\/span>\n\t\t\t\t\t\t\t<span class=\"ectbe-rate\">3\u20ac<\/span>\n\t\t\t\t\t\t<\/div><\/div><div class=\"ectbe-evt-more-box\"><a class=\"ectbe-evt-read-more\" href=\"https:\/\/goizale.com\/eu\/event\/txitxiburduntzi-4\/\">Find out more<\/a><\/div><\/div><div id=\"event-650\" class=\"ectbe-inner-wrapper ectbe-simple-event\"><div class=\"ectbe-date-area\">\n                                <span class=\"ectbe-ev-day\">23<\/span>\n                                <span class=\"ectbe-ev-mo\">urtarrila<\/span>\n                                <span class=\"ectbe-ev-yr\">2022<\/span>\n                                <\/div><div class=\"ectbe-content-box\"><div class=\"ectbe-evt-title\"><a class=\"ectbe-evt-url\" href=\"https:\/\/goizale.com\/eu\/event\/iluntzar-2022\/\">Munitibar - Gernika<\/a><\/div><div class=\"ectbe-evt-time\"><i class=\"ectbe-icon-clock\"><\/i>All day<\/div><div class=\"ectbe-evt-description\"><p>Munitibar \u2013 Gernika 23 de enero Precio:\u00a0gratuito.Lugar de salida:\u00a0Estaci\u00f3n de autobuses de Gernika-Lumo.Hora de salida:\u00a0A las 09:00 de la ma\u00f1ana.Recorrido:\u00a04-5 horas.Inscripci\u00f3n: hasta el 20 de enero (jueves).<\/p>\n<\/div><div class=\"ectbe-evt-cost\">\n\t\t\t\t\t\t\t<span class=\"ectbe-icon\"><i class=\"ectbe-icon-ticket\" aria-hidden=\"true\"><\/i><\/span>\n\t\t\t\t\t\t\t<span class=\"ectbe-rate\">Doan<\/span>\n\t\t\t\t\t\t<\/div><\/div><div class=\"ectbe-evt-more-box\"><a class=\"ectbe-evt-read-more\" href=\"https:\/\/goizale.com\/eu\/event\/iluntzar-2022\/\">Find out more<\/a><\/div><\/div><\/div>\t\t\t\t<\/div>\n\t\t\t\t<\/div>\n\t\t\t\t\t<\/div>\n\t\t<\/div>\n\t\t\t\t\t<\/div>\n\t\t<\/section>\n\t\t\t\t<\/div>\n\t\t","protected":false},"excerpt":{"rendered":"<p>SALIDAS 2022 18 diciembre 2022 Iluntzar9:00 am &#8211; 12:30 pm Iluntzar diciembre 18, 2022 (la ma\u00f1ana) D\u00eda: 18 de diciembre, domingo. Salida familiar en la que se subir\u00e1 al monte [&hellip;]<\/p>\n","protected":false},"author":1,"featured_media":0,"parent":0,"menu_order":0,"comment_status":"closed","ping_status":"closed","template":"elementor_header_footer","meta":{"_EventAllDay":false,"_EventTimezone":"","_EventStartDate":"","_EventEndDate":"","_EventStartDateUTC":"","_EventEndDateUTC":"","_EventShowMap":false,"_EventShowMapLink":false,"_EventURL":"","_EventCost":"","_EventCostDescription":"","_EventCurrencySymbol":"","_EventCurrencyCode":"","_EventCurrencyPosition":"","_EventDateTimeSeparator":"","_EventTimeRangeSeparator":"","_EventOrganizerID":[],"_EventVenueID":[],"_OrganizerEmail":"","_OrganizerPhone":"","_OrganizerWebsite":"","_VenueAddress":"","_VenueCity":"","_VenueCountry":"","_VenueProvince":"","_VenueState":"","_VenueZip":"","_VenuePhone":"","_VenueURL":"","_VenueStateProvince":"","_VenueLat":"","_VenueLng":"","_VenueShowMap":false,"_VenueShowMapLink":false,"footnotes":""},"class_list":["post-4594","page","type-page","status-publish","hentry"],"_links":{"self":[{"href":"https:\/\/goizale.com\/eu\/wp-json\/wp\/v2\/pages\/4594","targetHints":{"allow":["GET"]}}],"collection":[{"href":"https:\/\/goizale.com\/eu\/wp-json\/wp\/v2\/pages"}],"about":[{"href":"https:\/\/goizale.com\/eu\/wp-json\/wp\/v2\/types\/page"}],"author":[{"embeddable":true,"href":"https:\/\/goizale.com\/eu\/wp-json\/wp\/v2\/users\/1"}],"replies":[{"embeddable":true,"href":"https:\/\/goizale.com\/eu\/wp-json\/wp\/v2\/comments?post=4594"}],"version-history":[{"count":9,"href":"https:\/\/goizale.com\/eu\/wp-json\/wp\/v2\/pages\/4594\/revisions"}],"predecessor-version":[{"id":5479,"href":"https:\/\/goizale.com\/eu\/wp-json\/wp\/v2\/pages\/4594\/revisions\/5479"}],"wp:attachment":[{"href":"https:\/\/goizale.com\/eu\/wp-json\/wp\/v2\/media?parent=4594"}],"curies":[{"name":"wp","href":"https:\/\/api.w.org\/{rel}","templated":true}]}}