{"id":4578,"date":"2022-02-08T15:24:01","date_gmt":"2022-02-08T15:24:01","guid":{"rendered":"https:\/\/dennis.rkinformatika.net\/goizale\/?page_id=4578"},"modified":"2022-02-08T15:24:27","modified_gmt":"2022-02-08T15:24:27","slug":"salidas-2018","status":"publish","type":"page","link":"https:\/\/goizale.com\/eu\/salidas-2018\/","title":{"rendered":"Irteerak 2018"},"content":{"rendered":"\t\t<div data-elementor-type=\"wp-page\" data-elementor-id=\"4578\" class=\"elementor elementor-4578\" data-elementor-settings=\"{&quot;ha_cmc_init_switcher&quot;:&quot;no&quot;}\" data-elementor-post-type=\"page\">\n\t\t\t\t\t\t<section class=\"elementor-section elementor-top-section elementor-element elementor-element-4b91817 elementor-section-boxed elementor-section-height-default elementor-section-height-default\" data-id=\"4b91817\" data-element_type=\"section\" data-e-type=\"section\" data-settings=\"{&quot;background_background&quot;:&quot;classic&quot;,&quot;_ha_eqh_enable&quot;:false}\">\n\t\t\t\t\t\t\t<div class=\"elementor-background-overlay\"><\/div>\n\t\t\t\t\t\t\t<div class=\"elementor-container elementor-column-gap-default\">\n\t\t\t\t\t<div class=\"elementor-column elementor-col-100 elementor-top-column elementor-element elementor-element-00f9a89\" data-id=\"00f9a89\" data-element_type=\"column\" data-e-type=\"column\">\n\t\t\t<div class=\"elementor-widget-wrap elementor-element-populated\">\n\t\t\t\t\t\t<div class=\"elementor-element elementor-element-e2487ba elementor-widget elementor-widget-spacer\" data-id=\"e2487ba\" data-element_type=\"widget\" data-e-type=\"widget\" data-widget_type=\"spacer.default\">\n\t\t\t\t<div class=\"elementor-widget-container\">\n\t\t\t\t\t\t\t<div class=\"elementor-spacer\">\n\t\t\t<div class=\"elementor-spacer-inner\"><\/div>\n\t\t<\/div>\n\t\t\t\t\t\t<\/div>\n\t\t\t\t<\/div>\n\t\t\t\t<div class=\"elementor-element elementor-element-ab156c7 elementor-widget elementor-widget-heading\" data-id=\"ab156c7\" data-element_type=\"widget\" data-e-type=\"widget\" data-widget_type=\"heading.default\">\n\t\t\t\t<div class=\"elementor-widget-container\">\n\t\t\t\t\t<h1 class=\"elementor-heading-title elementor-size-default\">SALIDAS 2018<\/h1>\t\t\t\t<\/div>\n\t\t\t\t<\/div>\n\t\t\t\t<div class=\"elementor-element elementor-element-8b29d51 elementor-widget elementor-widget-the-events-calendar-addon\" data-id=\"8b29d51\" data-element_type=\"widget\" data-e-type=\"widget\" data-widget_type=\"the-events-calendar-addon.default\">\n\t\t\t\t<div class=\"elementor-widget-container\">\n\t\t\t\t\t<!=========Events list Template 1.7.3=========><script type=\"application\/ld+json\">\r\n[{\"@context\":\"http:\/\/schema.org\",\"@type\":\"Event\",\"name\":\"Txindoki\",\"description\":\"&lt;p&gt;Lugar de salida: el s\\u00e1bado, a las 08:00 h, en Bermeo, C\/ Zubiaurtar kepa 30, en la estaci\\u00f3n de Bizkaibus. En Gernika a las 8:30 h en la estaci\\u00f3n de [&hellip;]&lt;\/p&gt;\\\\n\",\"url\":\"https:\/\/goizale.com\/eu\/event\/txindoki-4\/\",\"eventAttendanceMode\":\"https:\/\/schema.org\/OfflineEventAttendanceMode\",\"eventStatus\":\"https:\/\/schema.org\/EventScheduled\",\"startDate\":\"2026-04-18T08:00:00+00:00\",\"endDate\":\"2026-04-18T14:00:00+00:00\",\"performer\":\"Organization\"},{\"@context\":\"http:\/\/schema.org\",\"@type\":\"Event\",\"name\":\"Merindadeak\",\"description\":\"\",\"url\":\"https:\/\/goizale.com\/eu\/event\/merindadeak\/\",\"eventAttendanceMode\":\"https:\/\/schema.org\/OfflineEventAttendanceMode\",\"eventStatus\":\"https:\/\/schema.org\/EventScheduled\",\"startDate\":\"2026-05-31T00:00:00+00:00\",\"endDate\":\"2026-05-31T23:59:59+00:00\",\"performer\":\"Organization\"},{\"@context\":\"http:\/\/schema.org\",\"@type\":\"Event\",\"name\":\"Picos De Europa\\u00a0(27-28)\",\"description\":\"\",\"url\":\"https:\/\/goizale.com\/eu\/event\/picos-de-europa-27-28\/\",\"eventAttendanceMode\":\"https:\/\/schema.org\/OfflineEventAttendanceMode\",\"eventStatus\":\"https:\/\/schema.org\/EventScheduled\",\"startDate\":\"2026-06-27T00:00:00+00:00\",\"endDate\":\"2026-06-27T23:59:59+00:00\",\"performer\":\"Organization\"},{\"@context\":\"http:\/\/schema.org\",\"@type\":\"Event\",\"name\":\"Hernio\",\"description\":\"\",\"url\":\"https:\/\/goizale.com\/eu\/event\/hernio\/\",\"eventAttendanceMode\":\"https:\/\/schema.org\/OfflineEventAttendanceMode\",\"eventStatus\":\"https:\/\/schema.org\/EventScheduled\",\"startDate\":\"2026-09-27T00:00:00+00:00\",\"endDate\":\"2026-09-27T23:59:59+00:00\",\"performer\":\"Organization\"},{\"@context\":\"http:\/\/schema.org\",\"@type\":\"Event\",\"name\":\"Degurixa\\u00a0\",\"description\":\"\",\"url\":\"https:\/\/goizale.com\/eu\/event\/degurixa\/\",\"eventAttendanceMode\":\"https:\/\/schema.org\/OfflineEventAttendanceMode\",\"eventStatus\":\"https:\/\/schema.org\/EventScheduled\",\"startDate\":\"2026-10-18T00:00:00+00:00\",\"endDate\":\"2026-10-18T23:59:59+00:00\",\"performer\":\"Organization\"},{\"@context\":\"http:\/\/schema.org\",\"@type\":\"Event\",\"name\":\"Urdaibai\",\"description\":\"\",\"url\":\"https:\/\/goizale.com\/eu\/event\/azaroak-14-urdaibai\/\",\"eventAttendanceMode\":\"https:\/\/schema.org\/OfflineEventAttendanceMode\",\"eventStatus\":\"https:\/\/schema.org\/EventScheduled\",\"startDate\":\"2026-11-14T00:00:00+00:00\",\"endDate\":\"2026-11-14T23:59:59+00:00\",\"performer\":\"Organization\"},{\"@context\":\"http:\/\/schema.org\",\"@type\":\"Event\",\"name\":\"Iluntzar\",\"description\":\"\",\"url\":\"https:\/\/goizale.com\/eu\/event\/iluntzar-18\/\",\"eventAttendanceMode\":\"https:\/\/schema.org\/OfflineEventAttendanceMode\",\"eventStatus\":\"https:\/\/schema.org\/EventScheduled\",\"startDate\":\"2026-12-20T00:00:00+00:00\",\"endDate\":\"2026-12-20T23:59:59+00:00\",\"performer\":\"Organization\"}]\r\n<\/script><div id=\"ectbe-wrapper-8b29d51\" class=\"ectbe-wrapper ectbe-list-wrapper style-1\"><div id=\"event-158\" class=\"ectbe-inner-wrapper ectbe-simple-event\"><div class=\"ectbe-date-area\">\n                                <span class=\"ectbe-ev-day\">21<\/span>\n                                <span class=\"ectbe-ev-mo\">urtarrila<\/span>\n                                <span class=\"ectbe-ev-yr\">2018<\/span>\n                                <\/div><div class=\"ectbe-content-box\"><div class=\"ectbe-evt-title\"><a class=\"ectbe-evt-url\" href=\"https:\/\/goizale.com\/eu\/event\/elantxobe-gernika\/\">Elantxobe - Gernika<\/a><\/div><div class=\"ectbe-evt-time\"><i class=\"ectbe-icon-clock\"><\/i>All day<\/div><div class=\"ectbe-evt-description\"><\/div><\/div><div class=\"ectbe-evt-more-box\"><a class=\"ectbe-evt-read-more\" href=\"https:\/\/goizale.com\/eu\/event\/elantxobe-gernika\/\">Find out more<\/a><\/div><\/div><div id=\"event-160\" class=\"ectbe-inner-wrapper ectbe-simple-event\"><div class=\"ectbe-date-area\">\n                                <span class=\"ectbe-ev-day\">11<\/span>\n                                <span class=\"ectbe-ev-mo\">otsaila<\/span>\n                                <span class=\"ectbe-ev-yr\">2018<\/span>\n                                <\/div><div class=\"ectbe-content-box\"><div class=\"ectbe-evt-title\"><a class=\"ectbe-evt-url\" href=\"https:\/\/goizale.com\/eu\/event\/txitxiburduntzi-2\/\">Txitxiburduntzi<\/a><\/div><div class=\"ectbe-evt-time\"><i class=\"ectbe-icon-clock\"><\/i>All day<\/div><div class=\"ectbe-evt-description\"><\/div><\/div><div class=\"ectbe-evt-more-box\"><a class=\"ectbe-evt-read-more\" href=\"https:\/\/goizale.com\/eu\/event\/txitxiburduntzi-2\/\">Find out more<\/a><\/div><\/div><div id=\"event-162\" class=\"ectbe-inner-wrapper ectbe-simple-event\"><div class=\"ectbe-date-area\">\n                                <span class=\"ectbe-ev-day\">03<\/span>\n                                <span class=\"ectbe-ev-mo\">martxoa<\/span>\n                                <span class=\"ectbe-ev-yr\">2018<\/span>\n                                <\/div><div class=\"ectbe-content-box\"><div class=\"ectbe-evt-title\"><a class=\"ectbe-evt-url\" href=\"https:\/\/goizale.com\/eu\/event\/sagadortegi\/\">Sagadortegi<\/a><\/div><div class=\"ectbe-evt-time\"><i class=\"ectbe-icon-clock\"><\/i>All day<\/div><div class=\"ectbe-evt-description\"><\/div><\/div><div class=\"ectbe-evt-more-box\"><a class=\"ectbe-evt-read-more\" href=\"https:\/\/goizale.com\/eu\/event\/sagadortegi\/\">Find out more<\/a><\/div><\/div><div id=\"event-164\" class=\"ectbe-inner-wrapper ectbe-simple-event\"><div class=\"ectbe-date-area\">\n                                <span class=\"ectbe-ev-day\">28<\/span>\n                                <span class=\"ectbe-ev-mo\">apirila<\/span>\n                                <span class=\"ectbe-ev-yr\">2018<\/span>\n                                <\/div><div class=\"ectbe-content-box\"><div class=\"ectbe-evt-title\"><a class=\"ectbe-evt-url\" href=\"https:\/\/goizale.com\/eu\/event\/valle-de-hecho\/\">Valle de Hecho<\/a><\/div><div class=\"ectbe-evt-time\"><i class=\"ectbe-icon-clock\"><\/i>All day<\/div><div class=\"ectbe-evt-description\"><p>28 de abril (s\u00e1bado): recorrido tur\u00edstico por Hecho (opcional: v\u00eda ferrata). 29 de abril (domingo): Bisaurin por el collado Forat\u00f3n y bajada por Plana Mistresa. 30 de abril\u00a0(lunes): Lizara-Candanchu (valle [&hellip;]<\/p>\n<\/div><div class=\"ectbe-evt-cost\">\n\t\t\t\t\t\t\t<span class=\"ectbe-icon\"><i class=\"ectbe-icon-ticket\" aria-hidden=\"true\"><\/i><\/span>\n\t\t\t\t\t\t\t<span class=\"ectbe-rate\">160\u20ac<\/span>\n\t\t\t\t\t\t<\/div><\/div><div class=\"ectbe-evt-more-box\"><a class=\"ectbe-evt-read-more\" href=\"https:\/\/goizale.com\/eu\/event\/valle-de-hecho\/\">Find out more<\/a><\/div><\/div><div id=\"event-166\" class=\"ectbe-inner-wrapper ectbe-simple-event\"><div class=\"ectbe-date-area\">\n                                <span class=\"ectbe-ev-day\">27<\/span>\n                                <span class=\"ectbe-ev-mo\">maiatza<\/span>\n                                <span class=\"ectbe-ev-yr\">2018<\/span>\n                                <\/div><div class=\"ectbe-content-box\"><div class=\"ectbe-evt-title\"><a class=\"ectbe-evt-url\" href=\"https:\/\/goizale.com\/eu\/event\/arrazola-orixol-olaeta\/\">Arrazola - Orixol - Olaeta<\/a><\/div><div class=\"ectbe-evt-time\"><i class=\"ectbe-icon-clock\"><\/i>All day<\/div><div class=\"ectbe-evt-description\"><p>D\u00eda: 27 de mayo (domingo). Salida: a las 08:00 de la ma\u00f1ana, en la parada de autobuses de Gernika-Lumo. Precio: Socios: 10 euros \/ No socios: 12 euros. Lugar de [&hellip;]<\/p>\n<\/div><div class=\"ectbe-evt-cost\">\n\t\t\t\t\t\t\t<span class=\"ectbe-icon\"><i class=\"ectbe-icon-ticket\" aria-hidden=\"true\"><\/i><\/span>\n\t\t\t\t\t\t\t<span class=\"ectbe-rate\">12\u20ac<\/span>\n\t\t\t\t\t\t<\/div><\/div><div class=\"ectbe-evt-more-box\"><a class=\"ectbe-evt-read-more\" href=\"https:\/\/goizale.com\/eu\/event\/arrazola-orixol-olaeta\/\">Find out more<\/a><\/div><\/div><div id=\"event-168\" class=\"ectbe-inner-wrapper ectbe-simple-event\"><div class=\"ectbe-date-area\">\n                                <span class=\"ectbe-ev-day\">23<\/span>\n                                <span class=\"ectbe-ev-mo\">ekaina<\/span>\n                                <span class=\"ectbe-ev-yr\">2018<\/span>\n                                <\/div><div class=\"ectbe-content-box\"><div class=\"ectbe-evt-title\"><a class=\"ectbe-evt-url\" href=\"https:\/\/goizale.com\/eu\/event\/vinuesa\/\">Vinuesa<\/a><\/div><div class=\"ectbe-evt-time\"><i class=\"ectbe-icon-clock\"><\/i>All day<\/div><div class=\"ectbe-evt-description\"><\/div><\/div><div class=\"ectbe-evt-more-box\"><a class=\"ectbe-evt-read-more\" href=\"https:\/\/goizale.com\/eu\/event\/vinuesa\/\">Find out more<\/a><\/div><\/div><div id=\"event-170\" class=\"ectbe-inner-wrapper ectbe-simple-event\"><div class=\"ectbe-date-area\">\n                                <span class=\"ectbe-ev-day\">12<\/span>\n                                <span class=\"ectbe-ev-mo\">uztaila<\/span>\n                                <span class=\"ectbe-ev-yr\">2018<\/span>\n                                <\/div><div class=\"ectbe-content-box\"><div class=\"ectbe-evt-title\"><a class=\"ectbe-evt-url\" href=\"https:\/\/goizale.com\/eu\/event\/benasque\/\">Benasque<\/a><\/div><div class=\"ectbe-evt-time\"><i class=\"ectbe-icon-clock\"><\/i>All day<\/div><div class=\"ectbe-evt-description\"><p>Fecha: del 12 al 19 de julio. Plazo de inscripci\u00f3n: 22 y 27 de febrero. PLAZAS LIMITADAS: LOS SOCIOS TENDR\u00c1N PREFERENCIA.&nbsp; Observaciones: - Salida junto a los grupos de monta\u00f1a [&hellip;]<\/p>\n<\/div><\/div><div class=\"ectbe-evt-more-box\"><a class=\"ectbe-evt-read-more\" href=\"https:\/\/goizale.com\/eu\/event\/benasque\/\">Find out more<\/a><\/div><\/div><div id=\"event-172\" class=\"ectbe-inner-wrapper ectbe-simple-event\"><div class=\"ectbe-date-area\">\n                                <span class=\"ectbe-ev-day\">23<\/span>\n                                <span class=\"ectbe-ev-mo\">iraila<\/span>\n                                <span class=\"ectbe-ev-yr\">2018<\/span>\n                                <\/div><div class=\"ectbe-content-box\"><div class=\"ectbe-evt-title\"><a class=\"ectbe-evt-url\" href=\"https:\/\/goizale.com\/eu\/event\/cuevas-de-urdaibai-ii\/\">Cuevas de Urdaibai II<\/a><\/div><div class=\"ectbe-evt-time\"><i class=\"ectbe-icon-clock\"><\/i>All day<\/div><div class=\"ectbe-evt-description\"><p>D\u00eda: 23 de septiembre (domingo). Salida: a las 07:30 de la ma\u00f1ana, en la estaci\u00f3n de autobuses de Gernika-Lumo. A la vuelta, Habr\u00e1 opci\u00f3n de coger el autobus en el [&hellip;]<\/p>\n<\/div><div class=\"ectbe-evt-cost\">\n\t\t\t\t\t\t\t<span class=\"ectbe-icon\"><i class=\"ectbe-icon-ticket\" aria-hidden=\"true\"><\/i><\/span>\n\t\t\t\t\t\t\t<span class=\"ectbe-rate\">7\u20ac<\/span>\n\t\t\t\t\t\t<\/div><\/div><div class=\"ectbe-evt-more-box\"><a class=\"ectbe-evt-read-more\" href=\"https:\/\/goizale.com\/eu\/event\/cuevas-de-urdaibai-ii\/\">Find out more<\/a><\/div><\/div><div id=\"event-175\" class=\"ectbe-inner-wrapper ectbe-simple-event\"><div class=\"ectbe-date-area\">\n                                <span class=\"ectbe-ev-day\">21<\/span>\n                                <span class=\"ectbe-ev-mo\">urria<\/span>\n                                <span class=\"ectbe-ev-yr\">2018<\/span>\n                                <\/div><div class=\"ectbe-content-box\"><div class=\"ectbe-evt-title\"><a class=\"ectbe-evt-url\" href=\"https:\/\/goizale.com\/eu\/event\/xl-marcha-regulada\/\">XL Marcha Regulada<\/a><\/div><div class=\"ectbe-evt-time\"><i class=\"ectbe-icon-clock\"><\/i>All day<\/div><div class=\"ectbe-evt-description\"><p>21 de octubre de 2018 (domingo). Salida: a las 08:00, en el local del Goi-Zale. Longitud: 18,5 km, aproximadamente. &nbsp; Recorrido: Goi-Zale - Ganaga - Metxika - Malluku - Altamira [&hellip;]<\/p>\n<\/div><\/div><div class=\"ectbe-evt-more-box\"><a class=\"ectbe-evt-read-more\" href=\"https:\/\/goizale.com\/eu\/event\/xl-marcha-regulada\/\">Find out more<\/a><\/div><\/div><div id=\"event-177\" class=\"ectbe-inner-wrapper ectbe-simple-event\"><div class=\"ectbe-date-area\">\n                                <span class=\"ectbe-ev-day\">10<\/span>\n                                <span class=\"ectbe-ev-mo\">azaroa<\/span>\n                                <span class=\"ectbe-ev-yr\">2018<\/span>\n                                <\/div><div class=\"ectbe-content-box\"><div class=\"ectbe-evt-title\"><a class=\"ectbe-evt-url\" href=\"https:\/\/goizale.com\/eu\/event\/cuevas-de-urdaibai\/\">Cuevas de Urdaibai<\/a><\/div><div class=\"ectbe-evt-time\"><i class=\"ectbe-icon-clock\"><\/i>All day<\/div><div class=\"ectbe-evt-description\"><p>D\u00eda: 10 de noviembre (s\u00e1bado). Salida: a las 07:30 de la ma\u00f1ana, en la estaci\u00f3n de autobuses de Gernika-Lumo. A la vuelta, Habr\u00e1 opci\u00f3n de coger el autobus en Gautegiz [&hellip;]<\/p>\n<\/div><div class=\"ectbe-evt-cost\">\n\t\t\t\t\t\t\t<span class=\"ectbe-icon\"><i class=\"ectbe-icon-ticket\" aria-hidden=\"true\"><\/i><\/span>\n\t\t\t\t\t\t\t<span class=\"ectbe-rate\">7\u20ac<\/span>\n\t\t\t\t\t\t<\/div><\/div><div class=\"ectbe-evt-more-box\"><a class=\"ectbe-evt-read-more\" href=\"https:\/\/goizale.com\/eu\/event\/cuevas-de-urdaibai\/\">Find out more<\/a><\/div><\/div><div id=\"event-179\" class=\"ectbe-inner-wrapper ectbe-simple-event\"><div class=\"ectbe-date-area\">\n                                <span class=\"ectbe-ev-day\">27<\/span>\n                                <span class=\"ectbe-ev-mo\">azaroa<\/span>\n                                <span class=\"ectbe-ev-yr\">2018<\/span>\n                                <\/div><div class=\"ectbe-content-box\"><div class=\"ectbe-evt-title\"><a class=\"ectbe-evt-url\" href=\"https:\/\/goizale.com\/eu\/event\/xv-jornadas-de-montana\/\">XV Jornadas de Monta\u00f1a<\/a><\/div><div class=\"ectbe-evt-time\"><i class=\"ectbe-icon-clock\"><\/i>All day<\/div><div class=\"ectbe-evt-description\"><p>27 de noviembre (martes): Luis Miguel Eguiluz, \"Odisea en Vatnajokull\". 29 de noviembre (jueves): Pedro Durana, Javier Alvarez eta Juanjo Apraiz, \"Gailur ametsa. Bigarren zapatuko 25. urteurrena\". 30 de noviembre [&hellip;]<\/p>\n<\/div><div class=\"ectbe-evt-cost\">\n\t\t\t\t\t\t\t<span class=\"ectbe-icon\"><i class=\"ectbe-icon-ticket\" aria-hidden=\"true\"><\/i><\/span>\n\t\t\t\t\t\t\t<span class=\"ectbe-rate\">Doan<\/span>\n\t\t\t\t\t\t<\/div><\/div><div class=\"ectbe-evt-more-box\"><a class=\"ectbe-evt-read-more\" href=\"https:\/\/goizale.com\/eu\/event\/xv-jornadas-de-montana\/\">Find out more<\/a><\/div><\/div><div id=\"event-181\" class=\"ectbe-inner-wrapper ectbe-simple-event\"><div class=\"ectbe-date-area\">\n                                <span class=\"ectbe-ev-day\">30<\/span>\n                                <span class=\"ectbe-ev-mo\">azaroa<\/span>\n                                <span class=\"ectbe-ev-yr\">2018<\/span>\n                                <\/div><div class=\"ectbe-content-box\"><div class=\"ectbe-evt-title\"><a class=\"ectbe-evt-url\" href=\"https:\/\/goizale.com\/eu\/event\/junta-general-anual-2\/\">Junta General Anual<\/a><\/div><div class=\"ectbe-evt-time\"><i class=\"ectbe-icon-clock\"><\/i>All day<\/div><div class=\"ectbe-evt-description\"><\/div><\/div><div class=\"ectbe-evt-more-box\"><a class=\"ectbe-evt-read-more\" href=\"https:\/\/goizale.com\/eu\/event\/junta-general-anual-2\/\">Find out more<\/a><\/div><\/div><div id=\"event-183\" class=\"ectbe-inner-wrapper ectbe-simple-event\"><div class=\"ectbe-date-area\">\n                                <span class=\"ectbe-ev-day\">15<\/span>\n                                <span class=\"ectbe-ev-mo\">abendua<\/span>\n                                <span class=\"ectbe-ev-yr\">2018<\/span>\n                                <\/div><div class=\"ectbe-content-box\"><div class=\"ectbe-evt-title\"><a class=\"ectbe-evt-url\" href=\"https:\/\/goizale.com\/eu\/event\/comida-anual-2\/\">Comida Anual<\/a><\/div><div class=\"ectbe-evt-time\"><i class=\"ectbe-icon-clock\"><\/i>All day<\/div><div class=\"ectbe-evt-description\"><p>D\u00eda: 15\/12\/2018 Lugar: Txoko de Lumo. Hora: 15:00.\u00a0Precio: 25-30 euros, aproximadamente. \u00daltimo d\u00eda para apuntarse: 13 de diciembre.<\/p>\n<\/div><div class=\"ectbe-evt-cost\">\n\t\t\t\t\t\t\t<span class=\"ectbe-icon\"><i class=\"ectbe-icon-ticket\" aria-hidden=\"true\"><\/i><\/span>\n\t\t\t\t\t\t\t<span class=\"ectbe-rate\">25\u20ac \u2013 30\u20ac<\/span>\n\t\t\t\t\t\t<\/div><\/div><div class=\"ectbe-evt-more-box\"><a class=\"ectbe-evt-read-more\" href=\"https:\/\/goizale.com\/eu\/event\/comida-anual-2\/\">Find out more<\/a><\/div><\/div><div id=\"event-185\" class=\"ectbe-inner-wrapper ectbe-simple-event\"><div class=\"ectbe-date-area\">\n                                <span class=\"ectbe-ev-day\">23<\/span>\n                                <span class=\"ectbe-ev-mo\">abendua<\/span>\n                                <span class=\"ectbe-ev-yr\">2018<\/span>\n                                <\/div><div class=\"ectbe-content-box\"><div class=\"ectbe-evt-title\"><a class=\"ectbe-evt-url\" href=\"https:\/\/goizale.com\/eu\/event\/iluntzar-3\/\">Iluntzar<\/a><\/div><div class=\"ectbe-evt-time\"><i class=\"ectbe-icon-clock\"><\/i>All day<\/div><div class=\"ectbe-evt-description\"><\/div><\/div><div class=\"ectbe-evt-more-box\"><a class=\"ectbe-evt-read-more\" href=\"https:\/\/goizale.com\/eu\/event\/iluntzar-3\/\">Find out more<\/a><\/div><\/div><\/div><style type=\"text\/css\">.elementor-4578 .elementor-element.elementor-element-8b29d51 .ectbe-list-wrapper{--e-ectbe-date-area-background:#EF5252;}.elementor-4578 .elementor-element.elementor-element-8b29d51 .ectbe-list-wrapper{--ectbe-featd-evt-bg-color:#FB4B4B;}.elementor-4578 .elementor-element.elementor-element-8b29d51 .ectbe-list-wrapper{--e-ectbe-content-box-background:#F28D8D;}.elementor-4578 .elementor-element.elementor-element-8b29d51 .ectbe-evt-title .ectbe-evt-url{font-size:28px;}.elementor-4578 .elementor-element.elementor-element-8b29d51 .ectbe-list-wrapper.style-1 .ectbe-date-area{font-size:36px;}.elementor-4578 .elementor-element.elementor-element-8b29d51 .ectbe-content-box .ectbe-date-area span{font-size:36px;}.elementor-4578 .elementor-element.elementor-element-8b29d51 .ectbe-minimal-list-wrapper .ectbe-evt-time {font-size:36px;}<\/style>\t\t\t\t<\/div>\n\t\t\t\t<\/div>\n\t\t\t\t\t<\/div>\n\t\t<\/div>\n\t\t\t\t\t<\/div>\n\t\t<\/section>\n\t\t\t\t<\/div>\n\t\t","protected":false},"excerpt":{"rendered":"<p>SALIDAS 2018 21 enero 2018 Elantxobe &#8211; Gernika Todo el d\u00edaM\u00e1s informaci\u00f3n 11 febrero 2018 Txitxiburduntzi Todo el d\u00edaM\u00e1s informaci\u00f3n 03 marzo 2018 Sagadortegi Todo el d\u00edaM\u00e1s informaci\u00f3n 28 abril [&hellip;]<\/p>\n","protected":false},"author":1,"featured_media":0,"parent":0,"menu_order":0,"comment_status":"closed","ping_status":"closed","template":"elementor_header_footer","meta":{"_EventAllDay":false,"_EventTimezone":"","_EventStartDate":"","_EventEndDate":"","_EventStartDateUTC":"","_EventEndDateUTC":"","_EventShowMap":false,"_EventShowMapLink":false,"_EventURL":"","_EventCost":"","_EventCostDescription":"","_EventCurrencySymbol":"","_EventCurrencyCode":"","_EventCurrencyPosition":"","_EventDateTimeSeparator":"","_EventTimeRangeSeparator":"","_EventOrganizerID":[],"_EventVenueID":[],"_OrganizerEmail":"","_OrganizerPhone":"","_OrganizerWebsite":"","_VenueAddress":"","_VenueCity":"","_VenueCountry":"","_VenueProvince":"","_VenueState":"","_VenueZip":"","_VenuePhone":"","_VenueURL":"","_VenueStateProvince":"","_VenueLat":"","_VenueLng":"","_VenueShowMap":false,"_VenueShowMapLink":false,"footnotes":""},"class_list":["post-4578","page","type-page","status-publish","hentry"],"_links":{"self":[{"href":"https:\/\/goizale.com\/eu\/wp-json\/wp\/v2\/pages\/4578","targetHints":{"allow":["GET"]}}],"collection":[{"href":"https:\/\/goizale.com\/eu\/wp-json\/wp\/v2\/pages"}],"about":[{"href":"https:\/\/goizale.com\/eu\/wp-json\/wp\/v2\/types\/page"}],"author":[{"embeddable":true,"href":"https:\/\/goizale.com\/eu\/wp-json\/wp\/v2\/users\/1"}],"replies":[{"embeddable":true,"href":"https:\/\/goizale.com\/eu\/wp-json\/wp\/v2\/comments?post=4578"}],"version-history":[{"count":4,"href":"https:\/\/goizale.com\/eu\/wp-json\/wp\/v2\/pages\/4578\/revisions"}],"predecessor-version":[{"id":4582,"href":"https:\/\/goizale.com\/eu\/wp-json\/wp\/v2\/pages\/4578\/revisions\/4582"}],"wp:attachment":[{"href":"https:\/\/goizale.com\/eu\/wp-json\/wp\/v2\/media?parent=4578"}],"curies":[{"name":"wp","href":"https:\/\/api.w.org\/{rel}","templated":true}]}}